{"id":430,"date":"2014-05-20T14:54:44","date_gmt":"2014-05-20T11:54:44","guid":{"rendered":"https:\/\/www.khnorppa.fi\/yritys-2\/"},"modified":"2022-06-27T15:07:15","modified_gmt":"2022-06-27T12:07:15","slug":"company","status":"publish","type":"page","link":"https:\/\/www.khnorppa.fi\/en\/company\/","title":{"rendered":"Company"},"content":{"rendered":"<div class=\"columns row group\">\n<div class=\"col cols-2\">\n<p>It is a matter of principle for us that all residents, families and guests can enjoy themselves in a comfortable, clean and, above all, a safe residential environment.<\/p>\n<p>Our service concept has resulted in long-term customer relationships, through which we have become familiar with the wishes and requirements of residents and property managers alike.<\/p>\n<p>We provide<strong> a versatile range of real estate maintenance services, using the familiar and safe principle of a caretaker<\/strong>.<\/p>\n<p>Our main operating environment spans across <strong>Western and Northern Helsinki<\/strong>, incl. Kannelm\u00e4ki, Hakuninmaa, Konala, Lassila, Southern Haaga, Northern Haaga, Pajam\u00e4ki, Pakila and Palohein\u00e4. Currently, our customer base includes Limited Liability Housing Companies, tenement housing companies and children\u2019s day care centres.<\/p>\n<\/div>\n<div class=\"col cols-2\">\n<p>\u00a0<img loading=\"lazy\" decoding=\"async\" class=\"alignnone wp-image-5878 size-full\" src=\"https:\/\/www.khnorppa.fi\/wp-content\/uploads\/2022\/06\/admin-ajax.jpg\" alt=\"\" width=\"400\" height=\"267\" \/><\/p>\n<\/div>\n<\/div>\n<p>&nbsp;<\/p>\n<div class=\"columns row group\">\n<div class=\"col cols-3-span\">\n<p>\u00a0<img loading=\"lazy\" decoding=\"async\" class=\"alignnone wp-image-5843 size-medium\" src=\"https:\/\/www.khnorppa.fi\/wp-content\/uploads\/2022\/06\/michal-biernat-h0xEUQXzU38-unsplash-400x600.jpg\" alt=\"\" width=\"400\" height=\"600\" srcset=\"https:\/\/www.khnorppa.fi\/wp-content\/uploads\/2022\/06\/michal-biernat-h0xEUQXzU38-unsplash-400x600.jpg 400w, https:\/\/www.khnorppa.fi\/wp-content\/uploads\/2022\/06\/michal-biernat-h0xEUQXzU38-unsplash-683x1024.jpg 683w, https:\/\/www.khnorppa.fi\/wp-content\/uploads\/2022\/06\/michal-biernat-h0xEUQXzU38-unsplash-768x1152.jpg 768w, https:\/\/www.khnorppa.fi\/wp-content\/uploads\/2022\/06\/michal-biernat-h0xEUQXzU38-unsplash-1024x1536.jpg 1024w, https:\/\/www.khnorppa.fi\/wp-content\/uploads\/2022\/06\/michal-biernat-h0xEUQXzU38-unsplash-1365x2048.jpg 1365w, https:\/\/www.khnorppa.fi\/wp-content\/uploads\/2022\/06\/michal-biernat-h0xEUQXzU38-unsplash-scaled.jpg 1707w\" sizes=\"auto, (max-width: 400px) 100vw, 400px\" \/><\/p>\n<\/div>\n<div class=\"col cols-3\">\n<h2><span style=\"color: #000000;\">Preserving the environment, and cherishing customer relationships<\/span><\/h2>\n<p>&nbsp;<\/p>\n<p>In order to ensure the best and efficient service, we continuously keep our equipment in good working order and at standby. So that we could reduce our emissions, we use natural gas for fuel in our maintenance vehicles, for example.<\/p>\n<p>We have been working in<strong> the best interests of real estate and residents already since 2004<\/strong>.<\/p>\n<\/div>\n<\/div>\n<p>&nbsp;<\/p>\n","protected":false},"excerpt":{"rendered":"<p>It is a matter of principle for us that all residents, families and guests can enjoy themselves in a comfortable, clean and, above all, a safe residential environment. Our service concept has resulted in long-term customer relationships, through which we have become familiar with the wishes and requirements of residents and property managers alike. We [&hellip;]<\/p>\n","protected":false},"author":1,"featured_media":0,"parent":0,"menu_order":0,"comment_status":"closed","ping_status":"closed","template":"","meta":{"footnotes":""},"class_list":["post-430","page","type-page","status-publish","hentry"],"yoast_head":"<!-- This site is optimized with the Yoast SEO plugin v27.5 - https:\/\/yoast.com\/product\/yoast-seo-wordpress\/ -->\n<title>Company - Kiinteist\u00f6palvelu Norppa<\/title>\n<meta name=\"robots\" content=\"index, follow, max-snippet:-1, max-image-preview:large, max-video-preview:-1\" \/>\n<link rel=\"canonical\" href=\"https:\/\/www.khnorppa.fi\/en\/company\/\" \/>\n<meta name=\"twitter:label1\" content=\"Est. reading time\" \/>\n\t<meta name=\"twitter:data1\" content=\"1 minute\" \/>\n<script type=\"application\/ld+json\" class=\"yoast-schema-graph\">{\"@context\":\"https:\\\/\\\/schema.org\",\"@graph\":[{\"@type\":\"WebPage\",\"@id\":\"https:\\\/\\\/www.khnorppa.fi\\\/en\\\/company\\\/\",\"url\":\"https:\\\/\\\/www.khnorppa.fi\\\/en\\\/company\\\/\",\"name\":\"Company - Kiinteist\u00f6palvelu Norppa\",\"isPartOf\":{\"@id\":\"https:\\\/\\\/www.khnorppa.fi\\\/#website\"},\"primaryImageOfPage\":{\"@id\":\"https:\\\/\\\/www.khnorppa.fi\\\/en\\\/company\\\/#primaryimage\"},\"image\":{\"@id\":\"https:\\\/\\\/www.khnorppa.fi\\\/en\\\/company\\\/#primaryimage\"},\"thumbnailUrl\":\"https:\\\/\\\/www.khnorppa.fi\\\/wp-content\\\/uploads\\\/2022\\\/06\\\/admin-ajax.jpg\",\"datePublished\":\"2014-05-20T11:54:44+00:00\",\"dateModified\":\"2022-06-27T12:07:15+00:00\",\"inLanguage\":\"en-US\",\"potentialAction\":[{\"@type\":\"ReadAction\",\"target\":[\"https:\\\/\\\/www.khnorppa.fi\\\/en\\\/company\\\/\"]}]},{\"@type\":\"ImageObject\",\"inLanguage\":\"en-US\",\"@id\":\"https:\\\/\\\/www.khnorppa.fi\\\/en\\\/company\\\/#primaryimage\",\"url\":\"https:\\\/\\\/www.khnorppa.fi\\\/wp-content\\\/uploads\\\/2022\\\/06\\\/admin-ajax.jpg\",\"contentUrl\":\"https:\\\/\\\/www.khnorppa.fi\\\/wp-content\\\/uploads\\\/2022\\\/06\\\/admin-ajax.jpg\"},{\"@type\":\"WebSite\",\"@id\":\"https:\\\/\\\/www.khnorppa.fi\\\/#website\",\"url\":\"https:\\\/\\\/www.khnorppa.fi\\\/\",\"name\":\"Kiinteist\u00f6palvelu Norppa\",\"description\":\"\",\"potentialAction\":[{\"@type\":\"SearchAction\",\"target\":{\"@type\":\"EntryPoint\",\"urlTemplate\":\"https:\\\/\\\/www.khnorppa.fi\\\/?s={search_term_string}\"},\"query-input\":{\"@type\":\"PropertyValueSpecification\",\"valueRequired\":true,\"valueName\":\"search_term_string\"}}],\"inLanguage\":\"en-US\"}]}<\/script>\n<!-- \/ Yoast SEO plugin. -->","yoast_head_json":{"title":"Company - Kiinteist\u00f6palvelu Norppa","robots":{"index":"index","follow":"follow","max-snippet":"max-snippet:-1","max-image-preview":"max-image-preview:large","max-video-preview":"max-video-preview:-1"},"canonical":"https:\/\/www.khnorppa.fi\/en\/company\/","twitter_misc":{"Est. reading time":"1 minute"},"schema":{"@context":"https:\/\/schema.org","@graph":[{"@type":"WebPage","@id":"https:\/\/www.khnorppa.fi\/en\/company\/","url":"https:\/\/www.khnorppa.fi\/en\/company\/","name":"Company - Kiinteist\u00f6palvelu Norppa","isPartOf":{"@id":"https:\/\/www.khnorppa.fi\/#website"},"primaryImageOfPage":{"@id":"https:\/\/www.khnorppa.fi\/en\/company\/#primaryimage"},"image":{"@id":"https:\/\/www.khnorppa.fi\/en\/company\/#primaryimage"},"thumbnailUrl":"https:\/\/www.khnorppa.fi\/wp-content\/uploads\/2022\/06\/admin-ajax.jpg","datePublished":"2014-05-20T11:54:44+00:00","dateModified":"2022-06-27T12:07:15+00:00","inLanguage":"en-US","potentialAction":[{"@type":"ReadAction","target":["https:\/\/www.khnorppa.fi\/en\/company\/"]}]},{"@type":"ImageObject","inLanguage":"en-US","@id":"https:\/\/www.khnorppa.fi\/en\/company\/#primaryimage","url":"https:\/\/www.khnorppa.fi\/wp-content\/uploads\/2022\/06\/admin-ajax.jpg","contentUrl":"https:\/\/www.khnorppa.fi\/wp-content\/uploads\/2022\/06\/admin-ajax.jpg"},{"@type":"WebSite","@id":"https:\/\/www.khnorppa.fi\/#website","url":"https:\/\/www.khnorppa.fi\/","name":"Kiinteist\u00f6palvelu Norppa","description":"","potentialAction":[{"@type":"SearchAction","target":{"@type":"EntryPoint","urlTemplate":"https:\/\/www.khnorppa.fi\/?s={search_term_string}"},"query-input":{"@type":"PropertyValueSpecification","valueRequired":true,"valueName":"search_term_string"}}],"inLanguage":"en-US"}]}},"_links":{"self":[{"href":"https:\/\/www.khnorppa.fi\/en\/wp-json\/wp\/v2\/pages\/430","targetHints":{"allow":["GET"]}}],"collection":[{"href":"https:\/\/www.khnorppa.fi\/en\/wp-json\/wp\/v2\/pages"}],"about":[{"href":"https:\/\/www.khnorppa.fi\/en\/wp-json\/wp\/v2\/types\/page"}],"author":[{"embeddable":true,"href":"https:\/\/www.khnorppa.fi\/en\/wp-json\/wp\/v2\/users\/1"}],"replies":[{"embeddable":true,"href":"https:\/\/www.khnorppa.fi\/en\/wp-json\/wp\/v2\/comments?post=430"}],"version-history":[{"count":4,"href":"https:\/\/www.khnorppa.fi\/en\/wp-json\/wp\/v2\/pages\/430\/revisions"}],"predecessor-version":[{"id":5881,"href":"https:\/\/www.khnorppa.fi\/en\/wp-json\/wp\/v2\/pages\/430\/revisions\/5881"}],"wp:attachment":[{"href":"https:\/\/www.khnorppa.fi\/en\/wp-json\/wp\/v2\/media?parent=430"}],"curies":[{"name":"wp","href":"https:\/\/api.w.org\/{rel}","templated":true}]}}