{"id":1821,"date":"2016-04-26T15:35:34","date_gmt":"2016-04-26T12:35:34","guid":{"rendered":"https:\/\/www.khnorppa.fi\/sv\/?page_id=1821"},"modified":"2022-06-28T15:53:44","modified_gmt":"2022-06-28T12:53:44","slug":"stadtjanster","status":"publish","type":"page","link":"https:\/\/www.khnorppa.fi\/sv\/stadtjanster\/","title":{"rendered":"St\u00e4dtj\u00e4nsterna \u00e4r en best\u00e5ende del av Norppa Fastighetstj\u00e4ns konceptet"},"content":{"rendered":"<p>&nbsp;<\/p>\n<div class=\"columns row group\">\n<div class=\"col cols-2\">\n<p>En genomg\u00e5ende sk\u00f6tsel av fastigheten, som inkluderar b\u00e5de teknik och hygieni ger inv\u00e5narna en trygg och trevlig boendemilj\u00f6. S\u00f6ml\u00f6st sammarbete mellan fastighetsk\u00f6taren och st\u00e4dpersonalen ger oss m\u00f6jlighet till snabb reagering, \u00e4ven till alla of\u00f6rv\u00e4ntade utmaningar som vardagen kan h\u00e4mta med sig, oavs\u00e4tt om det g\u00e4ller fastighetens teknik eller dess renlighet. Ett v\u00e4l planerat st\u00e4dprogramm sparar fastighetens sk\u00f6tselkostnader, f\u00f6rhindrar slitage av ytmaterial och f\u00f6rvarar fastighetens v\u00e4rde. Vi planerar och utf\u00f6r st\u00e4dtj\u00e4nsterna s\u00e5 att entre\u2019n, trappor, tv\u00e4ttrum och bastun beh\u00e5lls ren och trivsam. En detaljerad och nogrann f\u00f6rhandsplanering och yrkesm\u00e4ssigt utf\u00f6rd st\u00e4dning garanterar ett slutresultat med god kvalitet.<\/p>\n<p>Frekvensen I st\u00e4dprogrammet utr\u00e4knas alltid efter en nogrann v\u00e4rdering \u2013 och enligt kundens \u00f6nskem\u00e5l.<\/p>\n<\/div>\n<div class=\"col cols-2\">\n<p><img loading=\"lazy\" decoding=\"async\" class=\"aligncenter wp-image-5931 size-large\" src=\"https:\/\/www.khnorppa.fi\/wp-content\/uploads\/2022\/06\/jan-canty-Ia4mRzV8M-Q-unsplash-800x533.jpg\" alt=\"\" width=\"800\" height=\"533\" srcset=\"https:\/\/www.khnorppa.fi\/wp-content\/uploads\/2022\/06\/jan-canty-Ia4mRzV8M-Q-unsplash-800x533.jpg 800w, https:\/\/www.khnorppa.fi\/wp-content\/uploads\/2022\/06\/jan-canty-Ia4mRzV8M-Q-unsplash-400x267.jpg 400w, https:\/\/www.khnorppa.fi\/wp-content\/uploads\/2022\/06\/jan-canty-Ia4mRzV8M-Q-unsplash-768x512.jpg 768w, https:\/\/www.khnorppa.fi\/wp-content\/uploads\/2022\/06\/jan-canty-Ia4mRzV8M-Q-unsplash-1536x1024.jpg 1536w, https:\/\/www.khnorppa.fi\/wp-content\/uploads\/2022\/06\/jan-canty-Ia4mRzV8M-Q-unsplash-2048x1365.jpg 2048w\" sizes=\"auto, (max-width: 800px) 100vw, 800px\" \/><\/p>\n<\/div>\n<\/div>\n<p>&nbsp;<\/p>\n<div class=\"columns row group\">\n<div class=\"col cols-2\">\n<p><img loading=\"lazy\" decoding=\"async\" class=\"aligncenter wp-image-5934 size-large\" src=\"https:\/\/www.khnorppa.fi\/wp-content\/uploads\/2022\/06\/drain-g70f0a3065_1920-800x534.jpg\" alt=\"Siivous\" width=\"800\" height=\"534\" srcset=\"https:\/\/www.khnorppa.fi\/wp-content\/uploads\/2022\/06\/drain-g70f0a3065_1920-800x534.jpg 800w, https:\/\/www.khnorppa.fi\/wp-content\/uploads\/2022\/06\/drain-g70f0a3065_1920-400x267.jpg 400w, https:\/\/www.khnorppa.fi\/wp-content\/uploads\/2022\/06\/drain-g70f0a3065_1920-768x512.jpg 768w, https:\/\/www.khnorppa.fi\/wp-content\/uploads\/2022\/06\/drain-g70f0a3065_1920-1536x1025.jpg 1536w, https:\/\/www.khnorppa.fi\/wp-content\/uploads\/2022\/06\/drain-g70f0a3065_1920.jpg 1920w\" sizes=\"auto, (max-width: 800px) 100vw, 800px\" \/><\/p>\n<\/div>\n<div class=\"col cols-2\">\n<p>Allm\u00e4n <strong>underh\u00e5llst\u00e4dning<\/strong> \u00e4r st\u00e4dning som g\u00f6rs regelbundet, dagligen eller varje vecka och dess syfte \u00e4r att uppr\u00e4tth\u00e5lla en \u00f6verenskommen renhetsgrad i utrymmena. Med allm\u00e4n underh\u00e5llst\u00e4dningen tas l\u00f6s smuts och fl\u00e4ckar bort. St\u00e4dtj\u00e4nsterna kan flexibelt kompletteras med till exempel tj\u00e4nster som att byta mattor eller sanitetsartiklar eller n\u00e5gon annan tj\u00e4nst som avtalas direkt med kunden.<\/p>\n<p><strong>Grundlig reng\u00f6ring<\/strong> g\u00f6rs mindre ofta, i syfte att ta bort ingrodd smuts. Grundlig reng\u00f6ring anv\u00e4nds n\u00e4r underh\u00e5llst\u00e4dning inte l\u00e4ngre ger en \u00f6nskad renhetsniv\u00e5. Grundlig reng\u00f6ring kan inneb\u00e4ra bl.a. tv\u00e4ttning av f\u00f6nster, v\u00e4ggar, reng\u00f6ring och vaxning av golv, reng\u00f6ring av m\u00f6bler och d\u00f6rrar.<\/p>\n<\/div>\n<\/div>\n<p>&nbsp;<\/p>\n<p>Vi ger g\u00e4rna mer information ang\u00e5ende st\u00e4dtj\u00e4nsterna, kontaktsidorna hittar du <a href=\"https:\/\/www.khnorppa.fi\/sv\/kontakt\/\" rel=\"nofollow\">h\u00e4r<\/a>.<br \/>\nAristotle says in his rhetoric, it <a href=\"https:\/\/get-thesis.com\/\">go to this web portal<\/a> is metaphor above all else that gives clearness, charm, and distinction to the style.<\/p>\n","protected":false},"excerpt":{"rendered":"<p>&nbsp; En genomg\u00e5ende sk\u00f6tsel av fastigheten, som inkluderar b\u00e5de teknik och hygieni ger inv\u00e5narna en trygg och trevlig boendemilj\u00f6. S\u00f6ml\u00f6st sammarbete mellan fastighetsk\u00f6taren och st\u00e4dpersonalen ger oss m\u00f6jlighet till snabb reagering, \u00e4ven till alla of\u00f6rv\u00e4ntade utmaningar som vardagen kan h\u00e4mta med sig, oavs\u00e4tt om det g\u00e4ller fastighetens teknik eller dess renlighet. Ett v\u00e4l planerat st\u00e4dprogramm [&hellip;]<\/p>\n","protected":false},"author":1,"featured_media":0,"parent":0,"menu_order":0,"comment_status":"closed","ping_status":"closed","template":"","meta":{"footnotes":""},"class_list":["post-1821","page","type-page","status-publish","hentry"],"yoast_head":"<!-- This site is optimized with the Yoast SEO plugin v27.3 - https:\/\/yoast.com\/product\/yoast-seo-wordpress\/ -->\n<title>St\u00e4dtj\u00e4nsterna \u00e4r en best\u00e5ende del av Norppa Fastighetstj\u00e4ns konceptet - Kiinteist\u00f6palvelu Norppa<\/title>\n<meta name=\"robots\" content=\"index, follow, max-snippet:-1, max-image-preview:large, max-video-preview:-1\" \/>\n<link rel=\"canonical\" href=\"https:\/\/www.khnorppa.fi\/sv\/stadtjanster\/\" \/>\n<meta name=\"twitter:label1\" content=\"Ber\u00e4knad l\u00e4stid\" \/>\n\t<meta name=\"twitter:data1\" content=\"2 minuter\" \/>\n<script type=\"application\/ld+json\" class=\"yoast-schema-graph\">{\"@context\":\"https:\\\/\\\/schema.org\",\"@graph\":[{\"@type\":\"WebPage\",\"@id\":\"https:\\\/\\\/www.khnorppa.fi\\\/sv\\\/stadtjanster\\\/\",\"url\":\"https:\\\/\\\/www.khnorppa.fi\\\/sv\\\/stadtjanster\\\/\",\"name\":\"St\u00e4dtj\u00e4nsterna \u00e4r en best\u00e5ende del av Norppa Fastighetstj\u00e4ns konceptet - Kiinteist\u00f6palvelu Norppa\",\"isPartOf\":{\"@id\":\"https:\\\/\\\/www.khnorppa.fi\\\/#website\"},\"primaryImageOfPage\":{\"@id\":\"https:\\\/\\\/www.khnorppa.fi\\\/sv\\\/stadtjanster\\\/#primaryimage\"},\"image\":{\"@id\":\"https:\\\/\\\/www.khnorppa.fi\\\/sv\\\/stadtjanster\\\/#primaryimage\"},\"thumbnailUrl\":\"https:\\\/\\\/www.khnorppa.fi\\\/wp-content\\\/uploads\\\/2022\\\/06\\\/jan-canty-Ia4mRzV8M-Q-unsplash-800x533.jpg\",\"datePublished\":\"2016-04-26T12:35:34+00:00\",\"dateModified\":\"2022-06-28T12:53:44+00:00\",\"inLanguage\":\"sv-SE\",\"potentialAction\":[{\"@type\":\"ReadAction\",\"target\":[\"https:\\\/\\\/www.khnorppa.fi\\\/sv\\\/stadtjanster\\\/\"]}]},{\"@type\":\"ImageObject\",\"inLanguage\":\"sv-SE\",\"@id\":\"https:\\\/\\\/www.khnorppa.fi\\\/sv\\\/stadtjanster\\\/#primaryimage\",\"url\":\"https:\\\/\\\/www.khnorppa.fi\\\/wp-content\\\/uploads\\\/2022\\\/06\\\/jan-canty-Ia4mRzV8M-Q-unsplash-800x533.jpg\",\"contentUrl\":\"https:\\\/\\\/www.khnorppa.fi\\\/wp-content\\\/uploads\\\/2022\\\/06\\\/jan-canty-Ia4mRzV8M-Q-unsplash-800x533.jpg\"},{\"@type\":\"WebSite\",\"@id\":\"https:\\\/\\\/www.khnorppa.fi\\\/#website\",\"url\":\"https:\\\/\\\/www.khnorppa.fi\\\/\",\"name\":\"Kiinteist\u00f6palvelu Norppa\",\"description\":\"\",\"potentialAction\":[{\"@type\":\"SearchAction\",\"target\":{\"@type\":\"EntryPoint\",\"urlTemplate\":\"https:\\\/\\\/www.khnorppa.fi\\\/?s={search_term_string}\"},\"query-input\":{\"@type\":\"PropertyValueSpecification\",\"valueRequired\":true,\"valueName\":\"search_term_string\"}}],\"inLanguage\":\"sv-SE\"}]}<\/script>\n<!-- \/ Yoast SEO plugin. -->","yoast_head_json":{"title":"St\u00e4dtj\u00e4nsterna \u00e4r en best\u00e5ende del av Norppa Fastighetstj\u00e4ns konceptet - Kiinteist\u00f6palvelu Norppa","robots":{"index":"index","follow":"follow","max-snippet":"max-snippet:-1","max-image-preview":"max-image-preview:large","max-video-preview":"max-video-preview:-1"},"canonical":"https:\/\/www.khnorppa.fi\/sv\/stadtjanster\/","twitter_misc":{"Ber\u00e4knad l\u00e4stid":"2 minuter"},"schema":{"@context":"https:\/\/schema.org","@graph":[{"@type":"WebPage","@id":"https:\/\/www.khnorppa.fi\/sv\/stadtjanster\/","url":"https:\/\/www.khnorppa.fi\/sv\/stadtjanster\/","name":"St\u00e4dtj\u00e4nsterna \u00e4r en best\u00e5ende del av Norppa Fastighetstj\u00e4ns konceptet - Kiinteist\u00f6palvelu Norppa","isPartOf":{"@id":"https:\/\/www.khnorppa.fi\/#website"},"primaryImageOfPage":{"@id":"https:\/\/www.khnorppa.fi\/sv\/stadtjanster\/#primaryimage"},"image":{"@id":"https:\/\/www.khnorppa.fi\/sv\/stadtjanster\/#primaryimage"},"thumbnailUrl":"https:\/\/www.khnorppa.fi\/wp-content\/uploads\/2022\/06\/jan-canty-Ia4mRzV8M-Q-unsplash-800x533.jpg","datePublished":"2016-04-26T12:35:34+00:00","dateModified":"2022-06-28T12:53:44+00:00","inLanguage":"sv-SE","potentialAction":[{"@type":"ReadAction","target":["https:\/\/www.khnorppa.fi\/sv\/stadtjanster\/"]}]},{"@type":"ImageObject","inLanguage":"sv-SE","@id":"https:\/\/www.khnorppa.fi\/sv\/stadtjanster\/#primaryimage","url":"https:\/\/www.khnorppa.fi\/wp-content\/uploads\/2022\/06\/jan-canty-Ia4mRzV8M-Q-unsplash-800x533.jpg","contentUrl":"https:\/\/www.khnorppa.fi\/wp-content\/uploads\/2022\/06\/jan-canty-Ia4mRzV8M-Q-unsplash-800x533.jpg"},{"@type":"WebSite","@id":"https:\/\/www.khnorppa.fi\/#website","url":"https:\/\/www.khnorppa.fi\/","name":"Kiinteist\u00f6palvelu Norppa","description":"","potentialAction":[{"@type":"SearchAction","target":{"@type":"EntryPoint","urlTemplate":"https:\/\/www.khnorppa.fi\/?s={search_term_string}"},"query-input":{"@type":"PropertyValueSpecification","valueRequired":true,"valueName":"search_term_string"}}],"inLanguage":"sv-SE"}]}},"_links":{"self":[{"href":"https:\/\/www.khnorppa.fi\/sv\/wp-json\/wp\/v2\/pages\/1821","targetHints":{"allow":["GET"]}}],"collection":[{"href":"https:\/\/www.khnorppa.fi\/sv\/wp-json\/wp\/v2\/pages"}],"about":[{"href":"https:\/\/www.khnorppa.fi\/sv\/wp-json\/wp\/v2\/types\/page"}],"author":[{"embeddable":true,"href":"https:\/\/www.khnorppa.fi\/sv\/wp-json\/wp\/v2\/users\/1"}],"replies":[{"embeddable":true,"href":"https:\/\/www.khnorppa.fi\/sv\/wp-json\/wp\/v2\/comments?post=1821"}],"version-history":[{"count":15,"href":"https:\/\/www.khnorppa.fi\/sv\/wp-json\/wp\/v2\/pages\/1821\/revisions"}],"predecessor-version":[{"id":5939,"href":"https:\/\/www.khnorppa.fi\/sv\/wp-json\/wp\/v2\/pages\/1821\/revisions\/5939"}],"wp:attachment":[{"href":"https:\/\/www.khnorppa.fi\/sv\/wp-json\/wp\/v2\/media?parent=1821"}],"curies":[{"name":"wp","href":"https:\/\/api.w.org\/{rel}","templated":true}]}}