{"id":456,"date":"2014-05-20T14:53:58","date_gmt":"2014-05-20T11:53:58","guid":{"rendered":"https:\/\/www.khnorppa.fi\/asukkaalle-2\/"},"modified":"2024-09-04T15:19:08","modified_gmt":"2024-09-04T12:19:08","slug":"for-boende","status":"publish","type":"page","link":"https:\/\/www.khnorppa.fi\/sv\/for-boende\/","title":{"rendered":"F\u00f6r boende"},"content":{"rendered":"<p>&nbsp;<\/p>\n<div class=\"columns row group\">\n<div class=\"col cols-3-span\">\n<h2><span style=\"color: #000000;\">Vi \u00e4r h\u00e4r att hj\u00e4lpa dig<\/span><\/h2>\n<p>&nbsp;<\/p>\n<p>Genom oss hanteras felmeddelanden, underh\u00e5ll av fastigheter och ute omr\u00e5den, utdrag ur f\u00f6rteckning \u00f6ver husets boende, parkeringsplatser samt f\u00f6rfr\u00e5gningar om bastutider. Vi debiterar 20,00 \u20ac f\u00f6r utdraget.<\/p>\n<p>Du kan anv\u00e4nda v\u00e5ra <a title=\"Formul\u00e4r\" href=\"https:\/\/www.khnorppa.fi\/sv\/formular\/\" rel=\"nofollow\">elektroniska formul\u00e4r<\/a>, skicka post via brevl\u00e5da eller skicka e-post till v\u00e5r e-postadress khnorppa@khnorppa.fi. Dessutom betj\u00e4nar v\u00e5r kundtj\u00e4nst dig per telefon mellan klockan 08.00 &#8211; 16.00 p\u00e5 vardagarna p\u00e5 numret 050-4994 535.<\/p>\n<p>&nbsp;<\/p>\n<div><a href=\"\/sv\/formular\/\" class=\"nappi\" title=\"Formul\u00e4r\">FORMUL\u00c4R<\/a><\/div>\n<\/div>\n<div class=\"col cols-3\">\n<p>\u00a0<img loading=\"lazy\" decoding=\"async\" class=\"alignnone wp-image-5859 size-medium\" src=\"https:\/\/www.khnorppa.fi\/wp-content\/uploads\/2022\/06\/access-3509498-400x267.jpg\" alt=\"\" width=\"400\" height=\"267\" srcset=\"https:\/\/www.khnorppa.fi\/wp-content\/uploads\/2022\/06\/access-3509498-400x267.jpg 400w, https:\/\/www.khnorppa.fi\/wp-content\/uploads\/2022\/06\/access-3509498-800x533.jpg 800w, https:\/\/www.khnorppa.fi\/wp-content\/uploads\/2022\/06\/access-3509498-768x512.jpg 768w, https:\/\/www.khnorppa.fi\/wp-content\/uploads\/2022\/06\/access-3509498-1536x1024.jpg 1536w, https:\/\/www.khnorppa.fi\/wp-content\/uploads\/2022\/06\/access-3509498-2048x1365.jpg 2048w\" sizes=\"auto, (max-width: 400px) 100vw, 400px\" \/><\/p>\n<\/div>\n<\/div>\n<div class=\"columns row group\">\n<div class=\"col cols-2\">\n<p>\u00a0<img loading=\"lazy\" decoding=\"async\" class=\"alignnone wp-image-5862 size-medium\" src=\"https:\/\/www.khnorppa.fi\/wp-content\/uploads\/2022\/06\/kelly-sikkema-eBo-8_0i5ic-unsplash-400x524.jpg\" alt=\"\" width=\"400\" height=\"524\" srcset=\"https:\/\/www.khnorppa.fi\/wp-content\/uploads\/2022\/06\/kelly-sikkema-eBo-8_0i5ic-unsplash-400x524.jpg 400w, https:\/\/www.khnorppa.fi\/wp-content\/uploads\/2022\/06\/kelly-sikkema-eBo-8_0i5ic-unsplash-781x1024.jpg 781w, https:\/\/www.khnorppa.fi\/wp-content\/uploads\/2022\/06\/kelly-sikkema-eBo-8_0i5ic-unsplash-768x1007.jpg 768w, https:\/\/www.khnorppa.fi\/wp-content\/uploads\/2022\/06\/kelly-sikkema-eBo-8_0i5ic-unsplash-1172x1536.jpg 1172w, https:\/\/www.khnorppa.fi\/wp-content\/uploads\/2022\/06\/kelly-sikkema-eBo-8_0i5ic-unsplash-1563x2048.jpg 1563w, https:\/\/www.khnorppa.fi\/wp-content\/uploads\/2022\/06\/kelly-sikkema-eBo-8_0i5ic-unsplash-scaled.jpg 1953w\" sizes=\"auto, (max-width: 400px) 100vw, 400px\" \/><\/p>\n<\/div>\n<div class=\"col cols-2\">\n<p>&nbsp;<\/p>\n<h2><span style=\"color: #000000;\"><strong>Checklista f\u00f6r den som flyttar<\/strong><\/span><\/h2>\n<p>&nbsp;<\/p>\n<p>H\u00f6gar med l\u00e5dor och allt \u00e4r fortfarande p\u00e5 fel plats. Vi finns h\u00e4r f\u00f6r att p\u00e5minna dig om n\u00e5gra viktiga fr\u00e5gor som du m\u00e5ste ta itu med under den hektiska flyttperioden:<\/p>\n<p>1) N\u00e4r du flyttar in i huset, skicka in <strong>en inflyttningsanm\u00e4lan<\/strong><\/p>\n<p>2) N\u00e4r du flyttar ut, skicka in <strong>en avflyttningsanm\u00e4lan<\/strong><\/p>\n<p>Observera, att utan en inflyttningsanm\u00e4lan kan en boende inte inf\u00f6ras i f\u00f6rteckningen \u00f6ver husets\u00a0boende och namnet kan inte bytas p\u00e5 d\u00f6rren eller namntavlan. L\u00e4genhetens d\u00f6rr kan bara \u00f6ppnas f\u00f6r en person som \u00e4r officiellt skriven i l\u00e4genheten och som kan bevisa sin identitet p\u00e5 ett tillf\u00f6rlitligt s\u00e4tt. H\u00e5ll ocks\u00e5 alltid informationen uppdaterad i forts\u00e4ttningen.<\/p>\n<p>Skicka <a title=\"Flyttningsanm\u00e4lan\" href=\"https:\/\/www.khnorppa.fi\/sv\/flyttningsanmalan\/\" rel=\"nofollow\">flyttningsanm\u00e4lan<\/a> bekv\u00e4mt i elektronisk form. Om det beh\u00f6vs, kan du ocks\u00e5\u00a0<a href=\"https:\/\/www.khnorppa.fi\/wp-content\/uploads\/2014\/05\/flyttningsanmalan.pdf\" rel=\"nofollow\">skriva ut<\/a> den och l\u00e4mna den i bostadsf\u00f6reningens brevl\u00e5da f\u00f6r underh\u00e5ll.<\/p>\n<p>3) Kom ih\u00e5g att g\u00f6ra en flyttningsanm\u00e4lan till Posten och\/eller myndigheten f\u00f6r att f\u00e5 din post till r\u00e4tt adress.<\/p>\n<p>4) Gl\u00f6m inte att teckna ett elavtal till din nya bostad.<\/p>\n<p>5) Ta ocks\u00e5 hand om andra avtal som till exempel hemf\u00f6rs\u00e4kring och bredbandsabonnemang.<\/p>\n<p><strong>Lycka till med ditt nya hem!<\/strong><\/p>\n<\/div>\n<\/div>\n<p>&nbsp;<\/p>\n<div class=\"columns row group\">\n<div class=\"col cols-2\">\n<h2><span style=\"color: #000000;\">Jourtj\u00e4nst<\/span><\/h2>\n<p>&nbsp;<\/p>\n<p>Jourtid f\u00f6r service \u00e4r vardagar mellan klockan 16.00- 08.00 och \u00e4ven under veckosluten samt helgdagar, \u00e5ret runt. Jourtj\u00e4nst utanf\u00f6r normal kontorstid \u00e4r avsedd f\u00f6r n\u00f6dsituationer.<\/p>\n<p>Telefonnummer till jourtj\u00e4nst \u00e4r 050-4994 535.<\/p>\n<p>Utanf\u00f6r ordinarie arbetstid behandlas akuta arbeten som inte kan skjutas upp till n\u00e4sta arbetsdag samt d\u00f6rr\u00f6ppning av en l\u00e4genhet d\u00e4r l\u00e4genhetsinnehavaren har gl\u00f6mt eller tappat bort sina nycklar. Jourarbeten debiteras separat.<\/p>\n<p>Arbeten som inte kan skjutas upp till f\u00f6ljande arbetsdag och \u00f6ppnandet av l\u00e4genhetsd\u00f6rrar ifall den boende har gl\u00f6mt eller f\u00f6rlorat sina nycklar, kommer att utf\u00f6ras utanf\u00f6r normal arbetstid. Vi debiterar separat f\u00f6r jourarbeten.<\/p>\n<p><img loading=\"lazy\" decoding=\"async\" class=\"alignnone size-full wp-image-551\" src=\"https:\/\/www.khnorppa.fi\/wp-content\/uploads\/2014\/05\/2029288_s.jpg\" alt=\"Avainnippu\" width=\"450\" height=\"338\" srcset=\"https:\/\/www.khnorppa.fi\/wp-content\/uploads\/2014\/05\/2029288_s.jpg 450w, https:\/\/www.khnorppa.fi\/wp-content\/uploads\/2014\/05\/2029288_s-400x300.jpg 400w\" sizes=\"auto, (max-width: 450px) 100vw, 450px\" \/><\/p>\n<p>&nbsp;<\/p>\n<\/div>\n<div class=\"col cols-2\">\n<h2><span style=\"color: #000000;\"><strong>Avgifter f\u00f6r d\u00f6rr\u00f6ppning<\/strong><\/span><\/h2>\n<p>&nbsp;<\/p>\n<p>Observera, att d\u00f6rren endast kan \u00f6ppnas f\u00f6r en person som \u00e4r officiellt inskriven i l\u00e4genheten och som kan bestyrka sin identitet p\u00e5 ett tillf\u00f6rlitligt s\u00e4tt.<\/p>\n<p>Avgiften f\u00f6r att \u00f6ppna d\u00f6rren betalas med bankkort eller mobilepay. Dessutom finns det ett faktureringsalternativ, i vilket fall vi g\u00f6r en kreditupplysning.<\/p>\n<p>Vardagar<br \/>\nKlockan 08:00-16:00 <strong>20,00 \u20ac betalt med bankkort eller mobilepay.<\/strong><br \/>\nKlockan 08:00-16:00 <strong>32,40 \u20ac p\u00e5 faktura.<\/strong><\/p>\n<p>Annan tid och helgdagar <strong>65,00 \u20ac betalt med bankkort eller mobilepay.<\/strong> Annan tid och helgdagar <strong>77,40 \u20ac p\u00e5 faktura.<\/strong><\/p>\n<p>Priserna inkluderar 25,5% moms.<\/p>\n<p>&nbsp;<\/p>\n<p>&nbsp;<\/p>\n<\/div>\n<\/div>\n<p>&nbsp;<\/p>\n<div class=\"columns row group\">\n<div class=\"col cols-3-span\">\n<p>\u00a0<img loading=\"lazy\" decoding=\"async\" class=\"alignnone size-full wp-image-262\" src=\"https:\/\/www.khnorppa.fi\/wp-content\/uploads\/2014\/05\/taulu_110.jpg\" alt=\"taulu_110\" width=\"600\" height=\"400\" srcset=\"https:\/\/www.khnorppa.fi\/wp-content\/uploads\/2014\/05\/taulu_110.jpg 600w, https:\/\/www.khnorppa.fi\/wp-content\/uploads\/2014\/05\/taulu_110-400x266.jpg 400w\" sizes=\"auto, (max-width: 600px) 100vw, 600px\" \/><\/p>\n<\/div>\n<div class=\"col cols-3\">\n<h2><span style=\"color: #000000;\"><strong>Nyheter och praktisk information<\/strong><\/span><\/h2>\n<p>&nbsp;<\/p>\n<p>Du kan hitta nyheter och praktisk information p\u00e5 v\u00e5r <a href=\"\/sv\/category\/visste-du-att\/\" rel=\"nofollow\">blogg<\/a>.<\/p>\n<p>Reparationsansvar f\u00f6r bostadsaktiebolag och den boende definieras i ansvarsf\u00f6rdelningstabellen. Du kan fr\u00e5ga\u00a0disponenten eller servicef\u00f6retaget om ansvarsf\u00f6rdelningstabellen.<\/p>\n<p>Andra anv\u00e4ndbara l\u00e4nkar:<\/p>\n<p><a href=\"http:\/\/www.ytj.fi\" target=\"_blank\" rel=\"nofollow noopener noreferrer\">www.maistraatti.fi<\/a><a href=\"http:\/\/www.ytj.fi\" target=\"_blank\" rel=\"nofollow noopener noreferrer\"><br \/>\n<\/a><a href=\"http:\/\/www.kiinteistolehti.fi\" target=\"_blank\" rel=\"nofollow noopener noreferrer\">www.kiinteistolehti.fi<br \/>\n<\/a><a href=\"http:\/\/www.kiinteistoliitto.fi\" target=\"_blank\" rel=\"nofollow noopener noreferrer\">www.kiinteistoliitto.fi<br \/>\n<\/a><a href=\"http:\/\/www.kiinteistotyonantajat.fi\/\" target=\"_blank\" rel=\"nofollow noopener noreferrer\">www.kiinteistotyonantajat.fi<\/a><\/p>\n<p>&nbsp;<\/p>\n<\/div>\n<\/div>\n<p>Now, more members of the electoral college were being chosen directly by the people <a href=\"https:\/\/essayprofs.com\/\" target=\"_blank\" rel=\"noopener noreferrer\">do my essay for me<\/a> rather than be state legislatures.<\/p>\n","protected":false},"excerpt":{"rendered":"<p>&nbsp; Vi \u00e4r h\u00e4r att hj\u00e4lpa dig &nbsp; Genom oss hanteras felmeddelanden, underh\u00e5ll av fastigheter och ute omr\u00e5den, utdrag ur f\u00f6rteckning \u00f6ver husets boende, parkeringsplatser samt f\u00f6rfr\u00e5gningar om bastutider. Vi debiterar 20,00 \u20ac f\u00f6r utdraget. Du kan anv\u00e4nda v\u00e5ra elektroniska formul\u00e4r, skicka post via brevl\u00e5da eller skicka e-post till v\u00e5r e-postadress khnorppa@khnorppa.fi. Dessutom betj\u00e4nar v\u00e5r [&hellip;]<\/p>\n","protected":false},"author":1,"featured_media":0,"parent":0,"menu_order":0,"comment_status":"closed","ping_status":"closed","template":"","meta":{"footnotes":""},"class_list":["post-456","page","type-page","status-publish","hentry"],"yoast_head":"<!-- This site is optimized with the Yoast SEO plugin v27.5 - https:\/\/yoast.com\/product\/yoast-seo-wordpress\/ -->\n<title>F\u00f6r boende - Kiinteist\u00f6palvelu Norppa<\/title>\n<meta name=\"robots\" content=\"index, follow, max-snippet:-1, max-image-preview:large, max-video-preview:-1\" \/>\n<link rel=\"canonical\" href=\"https:\/\/www.khnorppa.fi\/sv\/for-boende\/\" \/>\n<meta name=\"twitter:label1\" content=\"Ber\u00e4knad l\u00e4stid\" \/>\n\t<meta name=\"twitter:data1\" content=\"4 minuter\" \/>\n<script type=\"application\/ld+json\" class=\"yoast-schema-graph\">{\"@context\":\"https:\\\/\\\/schema.org\",\"@graph\":[{\"@type\":\"WebPage\",\"@id\":\"https:\\\/\\\/www.khnorppa.fi\\\/sv\\\/for-boende\\\/\",\"url\":\"https:\\\/\\\/www.khnorppa.fi\\\/sv\\\/for-boende\\\/\",\"name\":\"F\u00f6r boende - Kiinteist\u00f6palvelu Norppa\",\"isPartOf\":{\"@id\":\"https:\\\/\\\/www.khnorppa.fi\\\/#website\"},\"primaryImageOfPage\":{\"@id\":\"https:\\\/\\\/www.khnorppa.fi\\\/sv\\\/for-boende\\\/#primaryimage\"},\"image\":{\"@id\":\"https:\\\/\\\/www.khnorppa.fi\\\/sv\\\/for-boende\\\/#primaryimage\"},\"thumbnailUrl\":\"https:\\\/\\\/www.khnorppa.fi\\\/wp-content\\\/uploads\\\/2022\\\/06\\\/access-3509498-400x267.jpg\",\"datePublished\":\"2014-05-20T11:53:58+00:00\",\"dateModified\":\"2024-09-04T12:19:08+00:00\",\"inLanguage\":\"sv-SE\",\"potentialAction\":[{\"@type\":\"ReadAction\",\"target\":[\"https:\\\/\\\/www.khnorppa.fi\\\/sv\\\/for-boende\\\/\"]}]},{\"@type\":\"ImageObject\",\"inLanguage\":\"sv-SE\",\"@id\":\"https:\\\/\\\/www.khnorppa.fi\\\/sv\\\/for-boende\\\/#primaryimage\",\"url\":\"https:\\\/\\\/www.khnorppa.fi\\\/wp-content\\\/uploads\\\/2022\\\/06\\\/access-3509498-400x267.jpg\",\"contentUrl\":\"https:\\\/\\\/www.khnorppa.fi\\\/wp-content\\\/uploads\\\/2022\\\/06\\\/access-3509498-400x267.jpg\"},{\"@type\":\"WebSite\",\"@id\":\"https:\\\/\\\/www.khnorppa.fi\\\/#website\",\"url\":\"https:\\\/\\\/www.khnorppa.fi\\\/\",\"name\":\"Kiinteist\u00f6palvelu Norppa\",\"description\":\"\",\"potentialAction\":[{\"@type\":\"SearchAction\",\"target\":{\"@type\":\"EntryPoint\",\"urlTemplate\":\"https:\\\/\\\/www.khnorppa.fi\\\/?s={search_term_string}\"},\"query-input\":{\"@type\":\"PropertyValueSpecification\",\"valueRequired\":true,\"valueName\":\"search_term_string\"}}],\"inLanguage\":\"sv-SE\"}]}<\/script>\n<!-- \/ Yoast SEO plugin. -->","yoast_head_json":{"title":"F\u00f6r boende - Kiinteist\u00f6palvelu Norppa","robots":{"index":"index","follow":"follow","max-snippet":"max-snippet:-1","max-image-preview":"max-image-preview:large","max-video-preview":"max-video-preview:-1"},"canonical":"https:\/\/www.khnorppa.fi\/sv\/for-boende\/","twitter_misc":{"Ber\u00e4knad l\u00e4stid":"4 minuter"},"schema":{"@context":"https:\/\/schema.org","@graph":[{"@type":"WebPage","@id":"https:\/\/www.khnorppa.fi\/sv\/for-boende\/","url":"https:\/\/www.khnorppa.fi\/sv\/for-boende\/","name":"F\u00f6r boende - Kiinteist\u00f6palvelu Norppa","isPartOf":{"@id":"https:\/\/www.khnorppa.fi\/#website"},"primaryImageOfPage":{"@id":"https:\/\/www.khnorppa.fi\/sv\/for-boende\/#primaryimage"},"image":{"@id":"https:\/\/www.khnorppa.fi\/sv\/for-boende\/#primaryimage"},"thumbnailUrl":"https:\/\/www.khnorppa.fi\/wp-content\/uploads\/2022\/06\/access-3509498-400x267.jpg","datePublished":"2014-05-20T11:53:58+00:00","dateModified":"2024-09-04T12:19:08+00:00","inLanguage":"sv-SE","potentialAction":[{"@type":"ReadAction","target":["https:\/\/www.khnorppa.fi\/sv\/for-boende\/"]}]},{"@type":"ImageObject","inLanguage":"sv-SE","@id":"https:\/\/www.khnorppa.fi\/sv\/for-boende\/#primaryimage","url":"https:\/\/www.khnorppa.fi\/wp-content\/uploads\/2022\/06\/access-3509498-400x267.jpg","contentUrl":"https:\/\/www.khnorppa.fi\/wp-content\/uploads\/2022\/06\/access-3509498-400x267.jpg"},{"@type":"WebSite","@id":"https:\/\/www.khnorppa.fi\/#website","url":"https:\/\/www.khnorppa.fi\/","name":"Kiinteist\u00f6palvelu Norppa","description":"","potentialAction":[{"@type":"SearchAction","target":{"@type":"EntryPoint","urlTemplate":"https:\/\/www.khnorppa.fi\/?s={search_term_string}"},"query-input":{"@type":"PropertyValueSpecification","valueRequired":true,"valueName":"search_term_string"}}],"inLanguage":"sv-SE"}]}},"_links":{"self":[{"href":"https:\/\/www.khnorppa.fi\/sv\/wp-json\/wp\/v2\/pages\/456","targetHints":{"allow":["GET"]}}],"collection":[{"href":"https:\/\/www.khnorppa.fi\/sv\/wp-json\/wp\/v2\/pages"}],"about":[{"href":"https:\/\/www.khnorppa.fi\/sv\/wp-json\/wp\/v2\/types\/page"}],"author":[{"embeddable":true,"href":"https:\/\/www.khnorppa.fi\/sv\/wp-json\/wp\/v2\/users\/1"}],"replies":[{"embeddable":true,"href":"https:\/\/www.khnorppa.fi\/sv\/wp-json\/wp\/v2\/comments?post=456"}],"version-history":[{"count":29,"href":"https:\/\/www.khnorppa.fi\/sv\/wp-json\/wp\/v2\/pages\/456\/revisions"}],"predecessor-version":[{"id":6007,"href":"https:\/\/www.khnorppa.fi\/sv\/wp-json\/wp\/v2\/pages\/456\/revisions\/6007"}],"wp:attachment":[{"href":"https:\/\/www.khnorppa.fi\/sv\/wp-json\/wp\/v2\/media?parent=456"}],"curies":[{"name":"wp","href":"https:\/\/api.w.org\/{rel}","templated":true}]}}