{"id":459,"date":"2014-05-20T14:54:29","date_gmt":"2014-05-20T11:54:29","guid":{"rendered":"https:\/\/www.khnorppa.fi\/palvelut-2\/"},"modified":"2024-06-10T10:07:45","modified_gmt":"2024-06-10T07:07:45","slug":"tjanster","status":"publish","type":"page","link":"https:\/\/www.khnorppa.fi\/sv\/tjanster\/","title":{"rendered":"Tj\u00e4nster"},"content":{"rendered":"<p>&nbsp;<\/p>\n<div class=\"columns row group\">\n<div class=\"col cols-3-span\">\n<p>Vi erbjuder ett brett utbud av fastighetstj\u00e4nster i de v\u00e4stra och norra delarna av Helsingfors. Vi ger dig servicepaket som \u00e4r skr\u00e4ddarsydda med dina egna behov. Vi \u00e4r ett flinkt och flexibelt fastighetsbolag som vill v\u00e5rda den gamla fastighetssk\u00f6tarprincipen.<\/p>\n<p>Vi vill ocks\u00e5 f\u00f6r v\u00e5r del minska f\u00f6retagets klimatp\u00e5verkan och d\u00e4rf\u00f6r kan du se v\u00e5ra fastighetssk\u00f6tare k\u00f6ra runt p\u00e5 cyklar eller \u00e5ka omkring med v\u00e5ra gasbilar f\u00f6r att utf\u00f6ra sina underh\u00e5llsuppgifter. Vi h\u00e5ller ocks\u00e5 utsl\u00e4ppen f\u00f6r v\u00e5r \u00f6vriga underh\u00e5llsutrustning till ett minimum med hj\u00e4lp av regelbundet underh\u00e5ll.<\/p>\n<\/div>\n<div class=\"col cols-3\">\n<h3>Flexibel, m\u00e5ngsidig och kunnig fastighetsservice, som tar h\u00e4nsyn till m\u00e4nniskor och milj\u00f6<\/h3>\n<ul>\n<li>G\u00e5rdskarlsprincipen<\/li>\n<li>Fastighetsunderh\u00e5ll och reparationsarbete<\/li>\n<li>Sk\u00f6tsel av ute omr\u00e5den<\/li>\n<li>St\u00e4dtj\u00e4nster<\/li>\n<li>Sn\u00f6skottning och sn\u00f6r\u00f6jning<\/li>\n<\/ul>\n<\/div>\n<\/div>\n<div class=\"columns row group\">\n<div class=\"col cols-2\">\n<h2><span style=\"color: #000000;\">Respekt f\u00f6r den gamla\u00a0g\u00e5rdskarlsprincipen<\/span><\/h2>\n<p>&nbsp;<\/p>\n<p>En l\u00e4ckande kran, en trasig d\u00f6rrklocka, en stockad\u00a0toalett &#8211; vad g\u00f6ra? Det brukade finnas en g\u00e5rdskarls i varje hus, som skyndade sig att hj\u00e4lpa till med alla sm\u00e5 reparationer. Numera \u00e4r g\u00e5rdskarlen en alltmer ovanlig syn, \u00e5tminstone i huvudstadsregionen.<\/p>\n<p>Kiinteist\u00f6palvelu\u00a0Norppa vill h\u00e5lla i traditionerna och v\u00e5rda den gamla g\u00e5rdskarlsprincipen. V\u00e5r service \u00e4r mycket omfattande och skr\u00e4ddarsyys till var och en enligt behov.<\/p>\n<p>&nbsp;<\/p>\n<h2><span style=\"color: #000000;\">Till f\u00f6rm\u00e5n f\u00f6r fastigheten och dess boende<\/span><\/h2>\n<p>&nbsp;<\/p>\n<p>V\u00e5ra servicekarlar hanterar mindre reparationer och renoveringar som oundvikligen uppst\u00e5r i varje bostad p\u00e5 ett snabbt och professionellt s\u00e4tt. Servicekarln s\u00e4kerst\u00e4ller att trappor, g\u00e5rdar och soptunnor \u00e4r i god ordning, att planteringarna blommar p\u00e5 sommaren och att alla sn\u00f6r\u00f6jningsarbeten g\u00f6rs p\u00e5 vintern.<\/p>\n<p>G\u00e5rdsplan och byggnader h\u00e5lls i gott skick och \u00e4r i trygga h\u00e4nder under \u00f6verseende av servicekarln, de boende trivs bra i sina bost\u00e4der och fastighetens v\u00e4rde bevaras.<\/p>\n<p>Omr\u00e5dets servicekarl kan ocks\u00e5 finna en stund att prata med dig, vid sidan av sitt arbete.<\/p>\n<\/div>\n<div class=\"col cols-2\">\n<p>&nbsp;<\/p>\n<p>&nbsp;<\/p>\n<p>&nbsp;<\/p>\n<p><img loading=\"lazy\" decoding=\"async\" class=\"aligncenter wp-image-5841 size-large\" src=\"https:\/\/www.khnorppa.fi\/wp-content\/uploads\/2022\/06\/pan-xiaozhen-IYE0ImQlY90-unsplash-800x533.jpg\" alt=\"\" width=\"800\" height=\"533\" srcset=\"https:\/\/www.khnorppa.fi\/wp-content\/uploads\/2022\/06\/pan-xiaozhen-IYE0ImQlY90-unsplash-800x533.jpg 800w, https:\/\/www.khnorppa.fi\/wp-content\/uploads\/2022\/06\/pan-xiaozhen-IYE0ImQlY90-unsplash-400x267.jpg 400w, https:\/\/www.khnorppa.fi\/wp-content\/uploads\/2022\/06\/pan-xiaozhen-IYE0ImQlY90-unsplash-768x512.jpg 768w, https:\/\/www.khnorppa.fi\/wp-content\/uploads\/2022\/06\/pan-xiaozhen-IYE0ImQlY90-unsplash-1536x1024.jpg 1536w, https:\/\/www.khnorppa.fi\/wp-content\/uploads\/2022\/06\/pan-xiaozhen-IYE0ImQlY90-unsplash-2048x1365.jpg 2048w\" sizes=\"auto, (max-width: 800px) 100vw, 800px\" \/><\/p>\n<p>&nbsp;<\/p>\n<\/div>\n<\/div>\n<p>&nbsp;<\/p>\n<div class=\"columns row group\">\n<div class=\"col cols-3\">\n<p>\u00a0<img loading=\"lazy\" decoding=\"async\" class=\"alignnone wp-image-5832 size-medium\" src=\"https:\/\/www.khnorppa.fi\/wp-content\/uploads\/2022\/06\/bush-972972-400x306.jpg\" alt=\"\" width=\"400\" height=\"306\" srcset=\"https:\/\/www.khnorppa.fi\/wp-content\/uploads\/2022\/06\/bush-972972-400x306.jpg 400w, https:\/\/www.khnorppa.fi\/wp-content\/uploads\/2022\/06\/bush-972972-800x612.jpg 800w, https:\/\/www.khnorppa.fi\/wp-content\/uploads\/2022\/06\/bush-972972-768x587.jpg 768w, https:\/\/www.khnorppa.fi\/wp-content\/uploads\/2022\/06\/bush-972972-1536x1175.jpg 1536w, https:\/\/www.khnorppa.fi\/wp-content\/uploads\/2022\/06\/bush-972972-2048x1566.jpg 2048w\" sizes=\"auto, (max-width: 400px) 100vw, 400px\" \/><\/p>\n<\/div>\n<div class=\"col cols-3-span\">\n<h2><span style=\"color: #000000;\">Sk\u00f6tsel av ute omr\u00e5den varje dag under \u00e5ret<\/span><\/h2>\n<p>&nbsp;<\/p>\n<p>Sk\u00f6tsel av ute omr\u00e5den och underh\u00e5llsuppgifter varierar med \u00e5rstiderna; avl\u00e4gsnande av sand och andra st\u00e4darbeten p\u00e5 v\u00e5ren, sk\u00f6tsel av gr\u00f6nomr\u00e5den p\u00e5 sommaren, bortst\u00e4dning av nedfallna l\u00f6v p\u00e5 h\u00f6sten och sn\u00f6skottning och sandning p\u00e5 vintern.<\/p>\n<p>Tack vare v\u00e5r egen utrustning, har vi m\u00f6jlighet att erbjuda h\u00f6gkvalitativt och p\u00e5litligt underh\u00e5ll av utomhusomr\u00e5den, oavsett s\u00e4song. V\u00e5ra erfarna servicekarl utf\u00f6r alltid tr\u00e4dg\u00e5rdsjobb p\u00e5 ett s\u00e5dant s\u00e4tt att dessa orsakar minsta m\u00f6jliga ol\u00e4genhet f\u00f6r de boende, till exempel genom att anv\u00e4nda en tyst elektrisk trimmer.<\/p>\n<p>Sk\u00f6tseluppgifter av ute omr\u00e5den inneh\u00e5ller ocks\u00e5 till exempel sk\u00f6tsel och underh\u00e5ll av omr\u00e5dets faciliteter och lekplatsutrustningar. Dessutom \u00e4r en av uppgifterna relaterad till sk\u00f6tseln av ute omr\u00e5den att f\u00f6lja upp hur fastigheternas avfallshantering fungerar.<\/p>\n<\/div>\n<\/div>\n<p>&nbsp;<\/p>\n<div class=\"columns row group\">\n<div class=\"col cols-2\">\n<h2><span style=\"color: #000000;\">Fastighetssk\u00f6tsel och reparationer, inklusive renoveringar<\/span><\/h2>\n<p>&nbsp;<\/p>\n<p>Vi utf\u00f6r byte av lampor och andra liknande underh\u00e5llsuppgifter i fastighetens gemensamma utrymmen. Ni kan ocks\u00e5 lita p\u00e5 att vi sk\u00f6ter underh\u00e5llet av l\u00e5s och utrustningar som bostadsf\u00f6reningen \u00e4r ansvarig f\u00f6r. Med tar ocks\u00e5 separat betalt f\u00f6r att hj\u00e4lpa till med att s\u00e4tta upp tavlor, brandvarnare och att byta lampor.<\/p>\n<p>&nbsp;<\/p>\n<\/div>\n<div class=\"col cols-2\">\n<p>\u00a0<img loading=\"lazy\" decoding=\"async\" class=\"aligncenter wp-image-5894 size-large\" src=\"https:\/\/www.khnorppa.fi\/wp-content\/uploads\/2022\/06\/theme-photos-Klby0nxseY8-unsplash-800x534.jpg\" alt=\"\" width=\"800\" height=\"534\" srcset=\"https:\/\/www.khnorppa.fi\/wp-content\/uploads\/2022\/06\/theme-photos-Klby0nxseY8-unsplash-800x534.jpg 800w, https:\/\/www.khnorppa.fi\/wp-content\/uploads\/2022\/06\/theme-photos-Klby0nxseY8-unsplash-400x267.jpg 400w, https:\/\/www.khnorppa.fi\/wp-content\/uploads\/2022\/06\/theme-photos-Klby0nxseY8-unsplash-768x512.jpg 768w, https:\/\/www.khnorppa.fi\/wp-content\/uploads\/2022\/06\/theme-photos-Klby0nxseY8-unsplash-1536x1025.jpg 1536w, https:\/\/www.khnorppa.fi\/wp-content\/uploads\/2022\/06\/theme-photos-Klby0nxseY8-unsplash-2048x1366.jpg 2048w\" sizes=\"auto, (max-width: 800px) 100vw, 800px\" \/><\/p>\n<\/div>\n<\/div>\n<p>&nbsp;<\/p>\n<div id=\"rengoring\" class=\"columns row group\">\n<div class=\"col cols-3\">\n<p>\u00a0<img loading=\"lazy\" decoding=\"async\" class=\"alignnone wp-image-1852 size-full\" src=\"https:\/\/www.khnorppa.fi\/wp-content\/uploads\/2014\/05\/34889708_portaat.jpg\" width=\"847\" height=\"565\" srcset=\"https:\/\/www.khnorppa.fi\/wp-content\/uploads\/2014\/05\/34889708_portaat.jpg 847w, https:\/\/www.khnorppa.fi\/wp-content\/uploads\/2014\/05\/34889708_portaat-400x267.jpg 400w, https:\/\/www.khnorppa.fi\/wp-content\/uploads\/2014\/05\/34889708_portaat-768x512.jpg 768w, https:\/\/www.khnorppa.fi\/wp-content\/uploads\/2014\/05\/34889708_portaat-800x534.jpg 800w\" sizes=\"auto, (max-width: 847px) 100vw, 847px\" \/><\/p>\n<\/div>\n<div class=\"col cols-3-span\">\n<h2><span style=\"color: #000000;\">Komfort och renlighet genom regelbunden reng\u00f6ring<\/span><\/h2>\n<p>&nbsp;<\/p>\n<p>Regelbunden reng\u00f6ring I fastigheten f\u00f6rhindrar l\u00f6s smuts fr\u00e5n att komma in i l\u00e4genheterna, och ger bostadsaktiebolaget ett trevligt intryck. Norppa Fastighetstj\u00e4nster genomf\u00f6r alla reng\u00f6ringsarbeten professionellt, och i enlighet med \u00f6verenskommen tidsplan; v\u00e5ra servicekarlar har ocks\u00e5 Valviras licens f\u00f6r sk\u00f6tsel av simbass\u00e4ng.<\/p>\n<p>Mer information av de st\u00e4dtj\u00e4nster vi tillhandlah\u00e5ller f\u00e5r du <a href=\"https:\/\/www.khnorppa.fi\/sv\/stadtjanster\/\" rel=\"nofollow\">h\u00e4r<\/a>.<\/p>\n<\/div>\n<\/div>\n<p>&nbsp;<\/p>\n<div class=\"columns row group\">\n<div class=\"col cols-2\">\n<h2><span style=\"color: #000000;\">Professionell sn\u00f6r\u00f6jning<\/span><\/h2>\n<p>&nbsp;<\/p>\n<p>Sn\u00f6r\u00f6jning v\u00e5llar huvudbry i m\u00e5nga bostadsf\u00f6reningar i huvudstadsregionen. Vi utf\u00f6r sn\u00f6r\u00f6jning p\u00e5 ett professionellt s\u00e4tt, med mycket erfarenhet.<\/p>\n<p>V\u00e5r egen utrustning ger oss m\u00f6jlighet att transportera sn\u00f6n till en plats d\u00e4r den inte hindrar bostadsf\u00f6reningens boende eller orsakar problem p\u00e5 n\u00e5got annat s\u00e4tt.<\/p>\n<p>Sn\u00f6r\u00f6jning fr\u00e5n hustaken g\u00f6r vi p\u00e5 ett kontrollerat s\u00e4tt och enligt s\u00e4kerhetsf\u00f6reskrifterna.<\/p>\n<p>&nbsp;<\/p>\n<p>&nbsp;<\/p>\n<\/div>\n<div class=\"col cols-2\">\n<h2><\/h2>\n<p><img loading=\"lazy\" decoding=\"async\" class=\"alignnone wp-image-5903 size-medium\" src=\"https:\/\/www.khnorppa.fi\/wp-content\/uploads\/2022\/06\/wassim-chouak-ecda3uXDWws-unsplash-400x600.jpg\" alt=\"\" width=\"400\" height=\"600\" srcset=\"https:\/\/www.khnorppa.fi\/wp-content\/uploads\/2022\/06\/wassim-chouak-ecda3uXDWws-unsplash-400x600.jpg 400w, https:\/\/www.khnorppa.fi\/wp-content\/uploads\/2022\/06\/wassim-chouak-ecda3uXDWws-unsplash-683x1024.jpg 683w, https:\/\/www.khnorppa.fi\/wp-content\/uploads\/2022\/06\/wassim-chouak-ecda3uXDWws-unsplash-768x1151.jpg 768w, https:\/\/www.khnorppa.fi\/wp-content\/uploads\/2022\/06\/wassim-chouak-ecda3uXDWws-unsplash-1025x1536.jpg 1025w, https:\/\/www.khnorppa.fi\/wp-content\/uploads\/2022\/06\/wassim-chouak-ecda3uXDWws-unsplash-1367x2048.jpg 1367w, https:\/\/www.khnorppa.fi\/wp-content\/uploads\/2022\/06\/wassim-chouak-ecda3uXDWws-unsplash-scaled.jpg 1709w\" sizes=\"auto, (max-width: 400px) 100vw, 400px\" \/><\/p>\n<\/div>\n<div class=\"columns row group\"><\/div>\n<\/div>\n<p>If you&#8217;re not sure when your commas are necessary and when you can <a href=\"https:\/\/essaydragon.com\/\">critical<\/a> delete them, the writer&#8217;s relief proofreading team can help you.<\/p>\n","protected":false},"excerpt":{"rendered":"<p>&nbsp; Vi erbjuder ett brett utbud av fastighetstj\u00e4nster i de v\u00e4stra och norra delarna av Helsingfors. Vi ger dig servicepaket som \u00e4r skr\u00e4ddarsydda med dina egna behov. Vi \u00e4r ett flinkt och flexibelt fastighetsbolag som vill v\u00e5rda den gamla fastighetssk\u00f6tarprincipen. Vi vill ocks\u00e5 f\u00f6r v\u00e5r del minska f\u00f6retagets klimatp\u00e5verkan och d\u00e4rf\u00f6r kan du se v\u00e5ra [&hellip;]<\/p>\n","protected":false},"author":1,"featured_media":0,"parent":0,"menu_order":0,"comment_status":"closed","ping_status":"closed","template":"","meta":{"footnotes":""},"class_list":["post-459","page","type-page","status-publish","hentry"],"yoast_head":"<!-- This site is optimized with the Yoast SEO plugin v27.5 - https:\/\/yoast.com\/product\/yoast-seo-wordpress\/ -->\n<title>Tj\u00e4nster - Kiinteist\u00f6palvelu Norppa<\/title>\n<meta name=\"robots\" content=\"index, follow, max-snippet:-1, max-image-preview:large, max-video-preview:-1\" \/>\n<link rel=\"canonical\" href=\"https:\/\/www.khnorppa.fi\/sv\/tjanster\/\" \/>\n<meta name=\"twitter:label1\" content=\"Ber\u00e4knad l\u00e4stid\" \/>\n\t<meta name=\"twitter:data1\" content=\"5 minuter\" \/>\n<script type=\"application\/ld+json\" class=\"yoast-schema-graph\">{\"@context\":\"https:\\\/\\\/schema.org\",\"@graph\":[{\"@type\":\"WebPage\",\"@id\":\"https:\\\/\\\/www.khnorppa.fi\\\/sv\\\/tjanster\\\/\",\"url\":\"https:\\\/\\\/www.khnorppa.fi\\\/sv\\\/tjanster\\\/\",\"name\":\"Tj\u00e4nster - Kiinteist\u00f6palvelu Norppa\",\"isPartOf\":{\"@id\":\"https:\\\/\\\/www.khnorppa.fi\\\/#website\"},\"primaryImageOfPage\":{\"@id\":\"https:\\\/\\\/www.khnorppa.fi\\\/sv\\\/tjanster\\\/#primaryimage\"},\"image\":{\"@id\":\"https:\\\/\\\/www.khnorppa.fi\\\/sv\\\/tjanster\\\/#primaryimage\"},\"thumbnailUrl\":\"https:\\\/\\\/www.khnorppa.fi\\\/wp-content\\\/uploads\\\/2022\\\/06\\\/pan-xiaozhen-IYE0ImQlY90-unsplash-800x533.jpg\",\"datePublished\":\"2014-05-20T11:54:29+00:00\",\"dateModified\":\"2024-06-10T07:07:45+00:00\",\"inLanguage\":\"sv-SE\",\"potentialAction\":[{\"@type\":\"ReadAction\",\"target\":[\"https:\\\/\\\/www.khnorppa.fi\\\/sv\\\/tjanster\\\/\"]}]},{\"@type\":\"ImageObject\",\"inLanguage\":\"sv-SE\",\"@id\":\"https:\\\/\\\/www.khnorppa.fi\\\/sv\\\/tjanster\\\/#primaryimage\",\"url\":\"https:\\\/\\\/www.khnorppa.fi\\\/wp-content\\\/uploads\\\/2022\\\/06\\\/pan-xiaozhen-IYE0ImQlY90-unsplash-800x533.jpg\",\"contentUrl\":\"https:\\\/\\\/www.khnorppa.fi\\\/wp-content\\\/uploads\\\/2022\\\/06\\\/pan-xiaozhen-IYE0ImQlY90-unsplash-800x533.jpg\"},{\"@type\":\"WebSite\",\"@id\":\"https:\\\/\\\/www.khnorppa.fi\\\/#website\",\"url\":\"https:\\\/\\\/www.khnorppa.fi\\\/\",\"name\":\"Kiinteist\u00f6palvelu Norppa\",\"description\":\"\",\"potentialAction\":[{\"@type\":\"SearchAction\",\"target\":{\"@type\":\"EntryPoint\",\"urlTemplate\":\"https:\\\/\\\/www.khnorppa.fi\\\/?s={search_term_string}\"},\"query-input\":{\"@type\":\"PropertyValueSpecification\",\"valueRequired\":true,\"valueName\":\"search_term_string\"}}],\"inLanguage\":\"sv-SE\"}]}<\/script>\n<!-- \/ Yoast SEO plugin. -->","yoast_head_json":{"title":"Tj\u00e4nster - Kiinteist\u00f6palvelu Norppa","robots":{"index":"index","follow":"follow","max-snippet":"max-snippet:-1","max-image-preview":"max-image-preview:large","max-video-preview":"max-video-preview:-1"},"canonical":"https:\/\/www.khnorppa.fi\/sv\/tjanster\/","twitter_misc":{"Ber\u00e4knad l\u00e4stid":"5 minuter"},"schema":{"@context":"https:\/\/schema.org","@graph":[{"@type":"WebPage","@id":"https:\/\/www.khnorppa.fi\/sv\/tjanster\/","url":"https:\/\/www.khnorppa.fi\/sv\/tjanster\/","name":"Tj\u00e4nster - Kiinteist\u00f6palvelu Norppa","isPartOf":{"@id":"https:\/\/www.khnorppa.fi\/#website"},"primaryImageOfPage":{"@id":"https:\/\/www.khnorppa.fi\/sv\/tjanster\/#primaryimage"},"image":{"@id":"https:\/\/www.khnorppa.fi\/sv\/tjanster\/#primaryimage"},"thumbnailUrl":"https:\/\/www.khnorppa.fi\/wp-content\/uploads\/2022\/06\/pan-xiaozhen-IYE0ImQlY90-unsplash-800x533.jpg","datePublished":"2014-05-20T11:54:29+00:00","dateModified":"2024-06-10T07:07:45+00:00","inLanguage":"sv-SE","potentialAction":[{"@type":"ReadAction","target":["https:\/\/www.khnorppa.fi\/sv\/tjanster\/"]}]},{"@type":"ImageObject","inLanguage":"sv-SE","@id":"https:\/\/www.khnorppa.fi\/sv\/tjanster\/#primaryimage","url":"https:\/\/www.khnorppa.fi\/wp-content\/uploads\/2022\/06\/pan-xiaozhen-IYE0ImQlY90-unsplash-800x533.jpg","contentUrl":"https:\/\/www.khnorppa.fi\/wp-content\/uploads\/2022\/06\/pan-xiaozhen-IYE0ImQlY90-unsplash-800x533.jpg"},{"@type":"WebSite","@id":"https:\/\/www.khnorppa.fi\/#website","url":"https:\/\/www.khnorppa.fi\/","name":"Kiinteist\u00f6palvelu Norppa","description":"","potentialAction":[{"@type":"SearchAction","target":{"@type":"EntryPoint","urlTemplate":"https:\/\/www.khnorppa.fi\/?s={search_term_string}"},"query-input":{"@type":"PropertyValueSpecification","valueRequired":true,"valueName":"search_term_string"}}],"inLanguage":"sv-SE"}]}},"_links":{"self":[{"href":"https:\/\/www.khnorppa.fi\/sv\/wp-json\/wp\/v2\/pages\/459","targetHints":{"allow":["GET"]}}],"collection":[{"href":"https:\/\/www.khnorppa.fi\/sv\/wp-json\/wp\/v2\/pages"}],"about":[{"href":"https:\/\/www.khnorppa.fi\/sv\/wp-json\/wp\/v2\/types\/page"}],"author":[{"embeddable":true,"href":"https:\/\/www.khnorppa.fi\/sv\/wp-json\/wp\/v2\/users\/1"}],"replies":[{"embeddable":true,"href":"https:\/\/www.khnorppa.fi\/sv\/wp-json\/wp\/v2\/comments?post=459"}],"version-history":[{"count":22,"href":"https:\/\/www.khnorppa.fi\/sv\/wp-json\/wp\/v2\/pages\/459\/revisions"}],"predecessor-version":[{"id":5996,"href":"https:\/\/www.khnorppa.fi\/sv\/wp-json\/wp\/v2\/pages\/459\/revisions\/5996"}],"wp:attachment":[{"href":"https:\/\/www.khnorppa.fi\/sv\/wp-json\/wp\/v2\/media?parent=459"}],"curies":[{"name":"wp","href":"https:\/\/api.w.org\/{rel}","templated":true}]}}