{"id":462,"date":"2014-05-20T14:54:44","date_gmt":"2014-05-20T11:54:44","guid":{"rendered":"https:\/\/www.khnorppa.fi\/yritys-2\/"},"modified":"2022-06-27T15:08:27","modified_gmt":"2022-06-27T12:08:27","slug":"vart-foretag","status":"publish","type":"page","link":"https:\/\/www.khnorppa.fi\/sv\/vart-foretag\/","title":{"rendered":"V\u00e5rt f\u00f6retag"},"content":{"rendered":"<div class=\"columns row group\">\n<div class=\"col cols-2\">\n<p>Det \u00e4r en hederssak f\u00f6r oss att boende, anh\u00f6riga och g\u00e4ster f\u00e5r njuta av sin vistelse i en bekv\u00e4m, ren och framf\u00f6r allt trygg boendemilj\u00f6.<\/p>\n<p>V\u00e5rt servicekoncept har gett upphov till l\u00e5ngsiktiga kundrelationer och p\u00e5 s\u00e5 s\u00e4tt har vi l\u00e4rt oss att f\u00f6rst\u00e5 s\u00e5v\u00e4l boendes och fastighetsf\u00f6rvaltares \u00f6nskem\u00e5l och behov.<\/p>\n<p>Vi tillhandah\u00e5ller m\u00e5ngsidiga tj\u00e4nster f\u00f6r fastighetsunderh\u00e5ll, utifr\u00e5n den v\u00e4lbekanta och p\u00e5litliga fastighetssk\u00f6tarprincipen.<\/p>\n<p>De omr\u00e5den d\u00e4r vi framf\u00f6rallt \u00e4r verksamma \u00e4r <strong>v\u00e4stra och norra Helsingfors<\/strong> med omgivningar, bl. a. Gamlas, H\u00e5kans\u00e5ker, Smedjebacka, Baggb\u00f6le, Sved\u00e4ngen, K\u00e5nala, Lassas. V\u00e5ra kunder best\u00e5r f\u00f6r n\u00e4rvarande av bostadsaktiebolag, hyreshusf\u00f6retag och daghem.<\/p>\n<\/div>\n<div class=\"col cols-2\">\n<p>\u00a0<img loading=\"lazy\" decoding=\"async\" class=\"alignnone wp-image-5880 size-full\" src=\"https:\/\/www.khnorppa.fi\/wp-content\/uploads\/2022\/06\/admin-ajax.jpg\" alt=\"\" width=\"400\" height=\"267\" \/><\/p>\n<\/div>\n<\/div>\n<p>&nbsp;<\/p>\n<div class=\"columns row group\">\n<div class=\"col cols-3-span\">\n<p>\u00a0<img loading=\"lazy\" decoding=\"async\" class=\"alignnone wp-image-5844 size-medium\" src=\"https:\/\/www.khnorppa.fi\/wp-content\/uploads\/2022\/06\/michal-biernat-h0xEUQXzU38-unsplash-400x600.jpg\" alt=\"\" width=\"400\" height=\"600\" srcset=\"https:\/\/www.khnorppa.fi\/wp-content\/uploads\/2022\/06\/michal-biernat-h0xEUQXzU38-unsplash-400x600.jpg 400w, https:\/\/www.khnorppa.fi\/wp-content\/uploads\/2022\/06\/michal-biernat-h0xEUQXzU38-unsplash-683x1024.jpg 683w, https:\/\/www.khnorppa.fi\/wp-content\/uploads\/2022\/06\/michal-biernat-h0xEUQXzU38-unsplash-768x1152.jpg 768w, https:\/\/www.khnorppa.fi\/wp-content\/uploads\/2022\/06\/michal-biernat-h0xEUQXzU38-unsplash-1024x1536.jpg 1024w, https:\/\/www.khnorppa.fi\/wp-content\/uploads\/2022\/06\/michal-biernat-h0xEUQXzU38-unsplash-1365x2048.jpg 1365w, https:\/\/www.khnorppa.fi\/wp-content\/uploads\/2022\/06\/michal-biernat-h0xEUQXzU38-unsplash-scaled.jpg 1707w\" sizes=\"auto, (max-width: 400px) 100vw, 400px\" \/><\/p>\n<\/div>\n<div class=\"col cols-3\">\n<h2><span style=\"color: #000000;\">Bevara milj\u00f6n och v\u00e5rda kundrelationerna<\/span><\/h2>\n<p>&nbsp;<\/p>\n<p>F\u00f6r att vi skall kunna garantera de b\u00e4sta och effektivaste tj\u00e4nsterna, ser vi till att vi underh\u00e5ller v\u00e5r utrustning kontinuerligt s\u00e5 att den alltid \u00e4r redo att anv\u00e4ndas. F\u00f6r att minska utsl\u00e4ppen anv\u00e4nder vi till exempel naturgas som br\u00e4nsle i v\u00e5ra servicebilar.<\/p>\n<p>Vi har arbetat <strong>f\u00f6r fastighets\u00e4gares och boendes b\u00e4sta sedan \u00e5r 2004.<\/strong><\/p>\n<\/div>\n<\/div>\n<p>&nbsp;<\/p>\n","protected":false},"excerpt":{"rendered":"<p>Det \u00e4r en hederssak f\u00f6r oss att boende, anh\u00f6riga och g\u00e4ster f\u00e5r njuta av sin vistelse i en bekv\u00e4m, ren och framf\u00f6r allt trygg boendemilj\u00f6. V\u00e5rt servicekoncept har gett upphov till l\u00e5ngsiktiga kundrelationer och p\u00e5 s\u00e5 s\u00e4tt har vi l\u00e4rt oss att f\u00f6rst\u00e5 s\u00e5v\u00e4l boendes och fastighetsf\u00f6rvaltares \u00f6nskem\u00e5l och behov. Vi tillhandah\u00e5ller m\u00e5ngsidiga tj\u00e4nster f\u00f6r [&hellip;]<\/p>\n","protected":false},"author":1,"featured_media":0,"parent":0,"menu_order":0,"comment_status":"closed","ping_status":"closed","template":"","meta":{"footnotes":""},"class_list":["post-462","page","type-page","status-publish","hentry"],"yoast_head":"<!-- This site is optimized with the Yoast SEO plugin v27.5 - https:\/\/yoast.com\/product\/yoast-seo-wordpress\/ -->\n<title>V\u00e5rt f\u00f6retag - Kiinteist\u00f6palvelu Norppa<\/title>\n<meta name=\"robots\" content=\"index, follow, max-snippet:-1, max-image-preview:large, max-video-preview:-1\" \/>\n<link rel=\"canonical\" href=\"https:\/\/www.khnorppa.fi\/sv\/vart-foretag\/\" \/>\n<meta name=\"twitter:label1\" content=\"Ber\u00e4knad l\u00e4stid\" \/>\n\t<meta name=\"twitter:data1\" content=\"1 minut\" \/>\n<script type=\"application\/ld+json\" class=\"yoast-schema-graph\">{\"@context\":\"https:\\\/\\\/schema.org\",\"@graph\":[{\"@type\":\"WebPage\",\"@id\":\"https:\\\/\\\/www.khnorppa.fi\\\/sv\\\/vart-foretag\\\/\",\"url\":\"https:\\\/\\\/www.khnorppa.fi\\\/sv\\\/vart-foretag\\\/\",\"name\":\"V\u00e5rt f\u00f6retag - Kiinteist\u00f6palvelu Norppa\",\"isPartOf\":{\"@id\":\"https:\\\/\\\/www.khnorppa.fi\\\/#website\"},\"primaryImageOfPage\":{\"@id\":\"https:\\\/\\\/www.khnorppa.fi\\\/sv\\\/vart-foretag\\\/#primaryimage\"},\"image\":{\"@id\":\"https:\\\/\\\/www.khnorppa.fi\\\/sv\\\/vart-foretag\\\/#primaryimage\"},\"thumbnailUrl\":\"https:\\\/\\\/www.khnorppa.fi\\\/wp-content\\\/uploads\\\/2022\\\/06\\\/admin-ajax.jpg\",\"datePublished\":\"2014-05-20T11:54:44+00:00\",\"dateModified\":\"2022-06-27T12:08:27+00:00\",\"inLanguage\":\"sv-SE\",\"potentialAction\":[{\"@type\":\"ReadAction\",\"target\":[\"https:\\\/\\\/www.khnorppa.fi\\\/sv\\\/vart-foretag\\\/\"]}]},{\"@type\":\"ImageObject\",\"inLanguage\":\"sv-SE\",\"@id\":\"https:\\\/\\\/www.khnorppa.fi\\\/sv\\\/vart-foretag\\\/#primaryimage\",\"url\":\"https:\\\/\\\/www.khnorppa.fi\\\/wp-content\\\/uploads\\\/2022\\\/06\\\/admin-ajax.jpg\",\"contentUrl\":\"https:\\\/\\\/www.khnorppa.fi\\\/wp-content\\\/uploads\\\/2022\\\/06\\\/admin-ajax.jpg\"},{\"@type\":\"WebSite\",\"@id\":\"https:\\\/\\\/www.khnorppa.fi\\\/#website\",\"url\":\"https:\\\/\\\/www.khnorppa.fi\\\/\",\"name\":\"Kiinteist\u00f6palvelu Norppa\",\"description\":\"\",\"potentialAction\":[{\"@type\":\"SearchAction\",\"target\":{\"@type\":\"EntryPoint\",\"urlTemplate\":\"https:\\\/\\\/www.khnorppa.fi\\\/?s={search_term_string}\"},\"query-input\":{\"@type\":\"PropertyValueSpecification\",\"valueRequired\":true,\"valueName\":\"search_term_string\"}}],\"inLanguage\":\"sv-SE\"}]}<\/script>\n<!-- \/ Yoast SEO plugin. -->","yoast_head_json":{"title":"V\u00e5rt f\u00f6retag - Kiinteist\u00f6palvelu Norppa","robots":{"index":"index","follow":"follow","max-snippet":"max-snippet:-1","max-image-preview":"max-image-preview:large","max-video-preview":"max-video-preview:-1"},"canonical":"https:\/\/www.khnorppa.fi\/sv\/vart-foretag\/","twitter_misc":{"Ber\u00e4knad l\u00e4stid":"1 minut"},"schema":{"@context":"https:\/\/schema.org","@graph":[{"@type":"WebPage","@id":"https:\/\/www.khnorppa.fi\/sv\/vart-foretag\/","url":"https:\/\/www.khnorppa.fi\/sv\/vart-foretag\/","name":"V\u00e5rt f\u00f6retag - Kiinteist\u00f6palvelu Norppa","isPartOf":{"@id":"https:\/\/www.khnorppa.fi\/#website"},"primaryImageOfPage":{"@id":"https:\/\/www.khnorppa.fi\/sv\/vart-foretag\/#primaryimage"},"image":{"@id":"https:\/\/www.khnorppa.fi\/sv\/vart-foretag\/#primaryimage"},"thumbnailUrl":"https:\/\/www.khnorppa.fi\/wp-content\/uploads\/2022\/06\/admin-ajax.jpg","datePublished":"2014-05-20T11:54:44+00:00","dateModified":"2022-06-27T12:08:27+00:00","inLanguage":"sv-SE","potentialAction":[{"@type":"ReadAction","target":["https:\/\/www.khnorppa.fi\/sv\/vart-foretag\/"]}]},{"@type":"ImageObject","inLanguage":"sv-SE","@id":"https:\/\/www.khnorppa.fi\/sv\/vart-foretag\/#primaryimage","url":"https:\/\/www.khnorppa.fi\/wp-content\/uploads\/2022\/06\/admin-ajax.jpg","contentUrl":"https:\/\/www.khnorppa.fi\/wp-content\/uploads\/2022\/06\/admin-ajax.jpg"},{"@type":"WebSite","@id":"https:\/\/www.khnorppa.fi\/#website","url":"https:\/\/www.khnorppa.fi\/","name":"Kiinteist\u00f6palvelu Norppa","description":"","potentialAction":[{"@type":"SearchAction","target":{"@type":"EntryPoint","urlTemplate":"https:\/\/www.khnorppa.fi\/?s={search_term_string}"},"query-input":{"@type":"PropertyValueSpecification","valueRequired":true,"valueName":"search_term_string"}}],"inLanguage":"sv-SE"}]}},"_links":{"self":[{"href":"https:\/\/www.khnorppa.fi\/sv\/wp-json\/wp\/v2\/pages\/462","targetHints":{"allow":["GET"]}}],"collection":[{"href":"https:\/\/www.khnorppa.fi\/sv\/wp-json\/wp\/v2\/pages"}],"about":[{"href":"https:\/\/www.khnorppa.fi\/sv\/wp-json\/wp\/v2\/types\/page"}],"author":[{"embeddable":true,"href":"https:\/\/www.khnorppa.fi\/sv\/wp-json\/wp\/v2\/users\/1"}],"replies":[{"embeddable":true,"href":"https:\/\/www.khnorppa.fi\/sv\/wp-json\/wp\/v2\/comments?post=462"}],"version-history":[{"count":10,"href":"https:\/\/www.khnorppa.fi\/sv\/wp-json\/wp\/v2\/pages\/462\/revisions"}],"predecessor-version":[{"id":5883,"href":"https:\/\/www.khnorppa.fi\/sv\/wp-json\/wp\/v2\/pages\/462\/revisions\/5883"}],"wp:attachment":[{"href":"https:\/\/www.khnorppa.fi\/sv\/wp-json\/wp\/v2\/media?parent=462"}],"curies":[{"name":"wp","href":"https:\/\/api.w.org\/{rel}","templated":true}]}}