{"id":466,"date":"2014-05-20T14:54:59","date_gmt":"2014-05-20T11:54:59","guid":{"rendered":"https:\/\/www.khnorppa.fi\/yhteystiedot-2\/"},"modified":"2025-03-21T13:27:44","modified_gmt":"2025-03-21T11:27:44","slug":"kontakt","status":"publish","type":"page","link":"https:\/\/www.khnorppa.fi\/sv\/kontakt\/","title":{"rendered":"Kontakt"},"content":{"rendered":"<div class=\"columns row group\">\n<div class=\"col cols-2\">\n<h2><span style=\"color: #000000;\">Kiinteist\u00f6palvelu\u00a0Norppa<\/span><\/h2>\n<p><strong>Kundtj\u00e4nst<br \/>\n<\/strong>vardagar mellan klockan 8-16<br \/>\n(jourtj\u00e4nst 24 timmar om dygnet)<br \/>\nTel. 050 4994 535<br \/>\nkhnorppa@khnorppa.fi<\/p>\n<p><strong>Postadress<br \/>\n<\/strong>\u00c4ngsskogsv\u00e4gen 1, 00620 Helsingfors<\/p>\n<p>Du kan ocks\u00e5 ta kontakt med oss via formul\u00e4ret nedan.<\/p>\n<div class=\"frm_forms \" id=\"frm_form_2_container\" >\n<form enctype=\"multipart\/form-data\" method=\"post\" class=\"frm-show-form  frm_pro_form \" id=\"form_contact-form\" >\n<div class=\"frm_form_fields \">\n<fieldset>\n<legend class=\"frm_hidden\">Yhteydenotto<\/legend>\r\n\r\n<div class=\"frm_fields_container\">\n<input type=\"hidden\" name=\"frm_action\" value=\"create\" \/>\n<input type=\"hidden\" name=\"form_id\" value=\"2\" \/>\n<input type=\"hidden\" name=\"frm_hide_fields_2\" id=\"frm_hide_fields_2\" value=\"\" \/>\n<input type=\"hidden\" name=\"form_key\" value=\"contact-form\" \/>\n<input type=\"hidden\" name=\"item_meta[0]\" value=\"\" \/>\n<input type=\"hidden\" id=\"frm_submit_entry_2\" name=\"frm_submit_entry_2\" value=\"d9466dd1ef\" \/><input type=\"hidden\" name=\"_wp_http_referer\" value=\"\/sv\/wp-json\/wp\/v2\/pages\/466\" \/><div id=\"frm_field_6_container\" class=\"frm_form_field form-field  frm_required_field frm_top_container frm12\">\r\n    <label for=\"field_qh4icy2\" class=\"frm_primary_label\">Nimi\r\n        <span class=\"frm_required\">*<\/span>\r\n    <\/label>\r\n    <input  type=\"text\" id=\"field_qh4icy2\" name=\"item_meta[6]\" value=\"\"  data-reqmsg=\"T\u00e4m\u00e4 kentt\u00e4 ei voi olla tyhj\u00e4.\" aria-required=\"true\" data-invmsg=\"Nimi is invalid\" aria-invalid=\"false\"   \/>\r\n    \r\n    \r\n<\/div>\n<div id=\"frm_field_75_container\" class=\"frm_form_field form-field  frm_required_field frm_top_container frm12\">\r\n    <label for=\"field_kebva\" class=\"frm_primary_label\">Puhelin\r\n        <span class=\"frm_required\">*<\/span>\r\n    <\/label>\r\n    <input  type=\"text\" id=\"field_kebva\" name=\"item_meta[75]\" value=\"\"  data-reqmsg=\"T\u00e4m\u00e4 kentt\u00e4 ei voi olla tyhj\u00e4.\" aria-required=\"true\" data-invmsg=\"Puhelin is invalid\" aria-invalid=\"false\"   \/>\r\n    \r\n    \r\n<\/div>\n<div id=\"frm_field_8_container\" class=\"frm_form_field form-field  frm_required_field frm_top_container frm_full\">\r\n    <label for=\"field_29yf4d2\" class=\"frm_primary_label\">S\u00e4hk\u00f6posti\r\n        <span class=\"frm_required\">*<\/span>\r\n    <\/label>\r\n    <input type=\"email\" id=\"field_29yf4d2\" name=\"item_meta[8]\" value=\"\"  data-reqmsg=\"T\u00e4m\u00e4 kentt\u00e4 ei voi olla tyhj\u00e4.\" aria-required=\"true\" data-invmsg=\"S\u00e4hk\u00f6posti on virheellinen.\" aria-invalid=\"false\"  \/>\r\n    \r\n    \r\n<\/div>\n<div id=\"frm_field_73_container\" class=\"frm_form_field form-field  frm_required_field frm_top_container frm12\">\r\n    <label for=\"field_jnqfu\" class=\"frm_primary_label\">Valitse palvelu\r\n        <span class=\"frm_required\">*<\/span>\r\n    <\/label>\r\n    \t\t<select name=\"item_meta[73]\" id=\"field_jnqfu\"  data-frmval=\"Kiinteist\u00f6palvelut\" data-reqmsg=\"T\u00e4m\u00e4 kentt\u00e4 ei voi olla tyhj\u00e4.\" aria-required=\"true\" data-invmsg=\"Valitse palvelu \u00e4r ogiltigt\" aria-invalid=\"false\"  >\n\t\t<option  value=\"Kiinteist\u00f6palvelut\" selected='selected'>Kiinteist\u00f6palvelut<\/option><option  value=\"Siivouspalvelut\">Siivouspalvelut<\/option>\t<\/select>\n\t\r\n    \r\n    \r\n<\/div>\n<div id=\"frm_field_9_container\" class=\"frm_form_field form-field  frm_top_container frm_full\">\r\n    <label for=\"field_e6lis62\" class=\"frm_primary_label\">Aihe\r\n        <span class=\"frm_required\"><\/span>\r\n    <\/label>\r\n    <input  type=\"text\" id=\"field_e6lis62\" name=\"item_meta[9]\" value=\"\"  data-invmsg=\"Aihe is invalid\" aria-invalid=\"false\"   \/>\r\n    \r\n    \r\n<\/div>\n<div id=\"frm_field_10_container\" class=\"frm_form_field form-field  frm_top_container frm_full\">\r\n    <label for=\"field_9jv0r12\" class=\"frm_primary_label\">Viesti\r\n        <span class=\"frm_required\"><\/span>\r\n    <\/label>\r\n    <textarea name=\"item_meta[10]\" id=\"field_9jv0r12\" rows=\"5\"  data-invmsg=\"Viesti \u00e4r ogiltigt\" aria-invalid=\"false\"  ><\/textarea>\r\n    \r\n    \r\n<\/div>\n<div id=\"frm_field_191_container\" class=\"frm_form_field form-field  frm_none_container\">\r\n    <label for=\"g-recaptcha-response\" id=\"field_ctwzi_label\" class=\"frm_primary_label\">\r\n        <span class=\"frm_required\" aria-hidden=\"true\"><\/span>\r\n    <\/label>\r\n    <div  id=\"field_ctwzi\" class=\"frm-g-recaptcha\" data-sitekey=\"6LeDr_cUAAAAAPMawReO_knWiQN7q0I3wQbD2o0h\" data-size=\"invisible\" data-theme=\"light\"><\/div>\r\n    \r\n    \r\n<\/div>\n\t<input type=\"hidden\" name=\"item_key\" value=\"\" \/>\n\t\t\t<div id=\"frm_field_192_container\">\n\t\t\t<label for=\"field_fxxaz\"  style=\"display:none;\">\n\t\t\t\tOm du \u00e4r m\u00e4nsklig, l\u00e4mna det h\u00e4r f\u00e4ltet tomt.\t\t\t<\/label>\n\t\t\t<input  id=\"field_fxxaz\" type=\"text\" class=\"frm_form_field form-field frm_verify\" name=\"item_meta[192]\" value=\"\"  style=\"display:none;\" \/>\n\t\t<\/div>\n\t\t<input name=\"frm_state\" type=\"hidden\" value=\"aWaBWmqXfMweIpBUvlh2d5VUPBnDL65hVNSfqSmHG+vQFkVtLsigzxe4HJn48UEo\" \/><div class=\"frm_submit\">\r\n\r\n<button class=\"frm_button_submit frm_final_submit\" type=\"submit\"   formnovalidate=\"formnovalidate\">L\u00e4het\u00e4<\/button>\r\n\r\n<\/div><\/div>\n<\/fieldset>\n<\/div>\n<script type=\"text\/javascript\">var input = document.createElement('input');\n    input.setAttribute('type', 'hidden');\n    input.setAttribute('name', 'ct_checkjs_frm');\n    input.setAttribute('value', '2103503540');\n    for (i = 0; i < document.forms.length; i++) {\n        if (typeof document.forms[i].id == 'string'){\n\t\t\tif(document.forms[i].id.search('form_contact-form') != -1) {\n            document.forms[i].appendChild(input);\n\t\t\t}\n        }\n    }<\/script>\n\n<\/form>\n<\/div>\n\n<\/div>\n<div class=\"col cols-2\">\n<p><iframe loading=\"lazy\" style=\"border: 0;\" src=\"https:\/\/www.google.com\/maps\/embed?pb=!1m18!1m12!1m3!1d1981.6626093650027!2d24.935998916108435!3d60.21941328197904!2m3!1f0!2f0!3f0!3m2!1i1024!2i768!4f13.1!3m3!1m2!1s0x469209c73fff9219%3A0x6250898f1775726c!2sNiittyl%C3%A4ntie+1%2C+00620+Helsinki!5e0!3m2!1sfi!2sfi!4v1454256027653\" width=\"600\" height=\"450\" frameborder=\"0\" allowfullscreen=\"allowfullscreen\"><\/iframe><\/p>\n<\/div>\n<\/div>\n<hr \/>\n<h2 style=\"text-align: center;\"><span style=\"color: #000000;\">Din kontaktperson<\/span><\/h2>\n<div class=\"wrapper\"><div class=\"wrap wrap-1200 henkilot\" ><\/p>\n<div class=\"columns row group\">\n<div class=\"col cols-2\">\n<div class=\"columns row group\">\n<div class=\"col cols-3\">\n<p><img loading=\"lazy\" decoding=\"async\" class=\"alignnone wp-image-3904 size-full\" src=\"https:\/\/www.khnorppa.fi\/wp-content\/uploads\/2018\/07\/Tommi.jpg\" alt=\"\" width=\"320\" height=\"480\" \/><\/p>\n<\/div>\n<div class=\"col cols-3-span\">\n<p><strong>Tommi Nupponen<\/strong><br \/>\nVerkst\u00e4llande direkt\u00f6r<\/p>\n<p><img loading=\"lazy\" decoding=\"async\" class=\"alignnone size-full wp-image-611\" src=\"https:\/\/www.khnorppa.fi\/wp-content\/uploads\/2014\/05\/lippu_fi.png\" alt=\"lippu_fi\" width=\"30\" height=\"19\" \/> \u00a0 <img loading=\"lazy\" decoding=\"async\" class=\"alignnone size-full wp-image-612\" src=\"https:\/\/www.khnorppa.fi\/wp-content\/uploads\/2014\/05\/lippu_se.png\" alt=\"\" width=\"30\" height=\"19\" \/><br \/>\ntel. 0400 997 847<br \/>\ntommi.nupponen@khnorppa.fi<\/p>\n<\/div>\n<\/div>\n<\/div>\n<div class=\"col cols-2\">\n<div class=\"columns row group\">\n<div class=\"col cols-3\">\n<p><img loading=\"lazy\" decoding=\"async\" class=\"alignnone wp-image-3889 size-full\" src=\"https:\/\/www.khnorppa.fi\/wp-content\/uploads\/2018\/07\/kuvatulossa.png\" alt=\"\" width=\"240\" height=\"320\" \/><\/p>\n<\/div>\n<div class=\"col cols-3-span\">\n<p><strong>Lotta Lehtonen<\/strong><br \/>\nKontorstj\u00e4nster, Marknadsf\u00f6ring<\/p>\n<p><img loading=\"lazy\" decoding=\"async\" class=\"alignnone size-full wp-image-611\" src=\"https:\/\/www.khnorppa.fi\/wp-content\/uploads\/2014\/05\/lippu_fi.png\" alt=\"lippu_fi\" width=\"30\" height=\"19\" \/> \u00a0 <img loading=\"lazy\" decoding=\"async\" class=\"alignnone size-full wp-image-610\" src=\"https:\/\/www.khnorppa.fi\/wp-content\/uploads\/2014\/05\/lippu_en.png\" alt=\"lippu_en\" width=\"30\" height=\"19\" \/><br \/>\ntel. 050 4994 535<br \/>\nkhnorppa@khnorppa.fi<\/p>\n<\/div>\n<\/div>\n<\/div>\n<\/div>\n<div class=\"columns row group\">\n<div class=\"col cols-2\">\n<div class=\"columns row group\">\n<div class=\"col cols-3\">\n<p><img loading=\"lazy\" decoding=\"async\" class=\"alignnone wp-image-3889 size-full\" src=\"https:\/\/www.khnorppa.fi\/wp-content\/uploads\/2018\/07\/kuvatulossa.png\" alt=\"\" width=\"240\" height=\"320\" \/><\/p>\n<\/div>\n<div class=\"col cols-3-span\">\n<p><strong>Joni Lindroth<\/strong><br \/>\nArbetsledare<\/p>\n<p><img loading=\"lazy\" decoding=\"async\" class=\"alignnone size-full wp-image-611\" src=\"https:\/\/www.khnorppa.fi\/wp-content\/uploads\/2014\/05\/lippu_fi.png\" alt=\"lippu_fi\" width=\"30\" height=\"19\" \/>\u00a0 \u00a0<img loading=\"lazy\" decoding=\"async\" class=\"alignnone size-full wp-image-610\" src=\"https:\/\/www.khnorppa.fi\/wp-content\/uploads\/2014\/05\/lippu_en.png\" alt=\"lippu_en\" width=\"30\" height=\"19\" \/><br \/>\ntel. 0400 4994 39<\/p>\n<p>khnorppa@khnorppa.fi<\/p>\n<\/div>\n<\/div>\n<\/div>\n<\/div>\n<p>&nbsp;<\/p>\n<p><\/div><div class=\"clear\"><\/div><\/div>\n<div class=\"columns row group\">\n<div class=\"col cols-2\">\n<p>Remontti Norppa Oy har \u00f6verg\u00e5tt till elektronisk hantering av ink\u00f6psfakturor. I forts\u00e4ttningen tar vi emot ink\u00f6psfakturor i elektronisk form som n\u00e4tfakturor.<\/p>\n<p><strong>\u00a0<\/strong><\/p>\n<p><strong>V\u00e5r n\u00e4tfaktureringsadress \u00e4r:<\/strong><br \/>\nEDI-signum: Remontti Norppa Oy\u00a0003721625210<strong><br \/>\n<\/strong>Operatorn \u00e4r: Apix Messaging Oy<strong><br \/>\n<\/strong>Operatorns f\u00f6rmedlingskod \u00e4r: 003723327487<\/p>\n<\/div>\n<div class=\"col cols-2\">\n<p><strong><strong>Vid m\u00f6jliga fakturor per e-post:<\/strong><br \/>\n<\/strong>003721625210@procountor.apix.fi<\/p>\n<p><strong>Vid m\u00f6jliga pappersfakturor:<br \/>\n<\/strong>Remontti Norppa Oy<br \/>\nP.O. Box 16112<br \/>\n00021 LASKUTUS<\/p>\n<p>OBS.! F\u00f6r att skanningservice kan rikta er faktura, b\u00f6r denna faktureringsadress finnas ocks\u00e5 p\u00e5 sj\u00e4lva fakturan.<\/p>\n<p>Vi ber er att beakta, att man inte ska skicka annat \u00e4n fakturor till den h\u00e4r faktureringsadressen. Postadress f\u00f6r t.ex. rapporter och marknadsf\u00f6ringsmaterial \u00e4r fortfarande den samma som tidigare.<\/p>\n<\/div>\n<\/div>\n","protected":false},"excerpt":{"rendered":"<p>Kiinteist\u00f6palvelu\u00a0Norppa Kundtj\u00e4nst vardagar mellan klockan 8-16 (jourtj\u00e4nst 24 timmar om dygnet) Tel. 050 4994 535 khnorppa@khnorppa.fi Postadress \u00c4ngsskogsv\u00e4gen 1, 00620 Helsingfors Du kan ocks\u00e5 ta kontakt med oss via formul\u00e4ret nedan. Din kontaktperson Remontti Norppa Oy har \u00f6verg\u00e5tt till elektronisk hantering av ink\u00f6psfakturor. I forts\u00e4ttningen tar vi emot ink\u00f6psfakturor i elektronisk form som n\u00e4tfakturor. \u00a0 [&hellip;]<\/p>\n","protected":false},"author":1,"featured_media":0,"parent":0,"menu_order":0,"comment_status":"closed","ping_status":"closed","template":"","meta":{"footnotes":""},"class_list":["post-466","page","type-page","status-publish","hentry"],"yoast_head":"<!-- This site is optimized with the Yoast SEO plugin v27.5 - https:\/\/yoast.com\/product\/yoast-seo-wordpress\/ -->\n<title>Kontakt - Kiinteist\u00f6palvelu Norppa<\/title>\n<meta name=\"robots\" content=\"index, follow, max-snippet:-1, max-image-preview:large, max-video-preview:-1\" \/>\n<link rel=\"canonical\" href=\"https:\/\/www.khnorppa.fi\/sv\/kontakt\/\" \/>\n<meta name=\"twitter:label1\" content=\"Ber\u00e4knad l\u00e4stid\" \/>\n\t<meta name=\"twitter:data1\" content=\"3 minuter\" \/>\n<script type=\"application\/ld+json\" class=\"yoast-schema-graph\">{\"@context\":\"https:\\\/\\\/schema.org\",\"@graph\":[{\"@type\":\"WebPage\",\"@id\":\"https:\\\/\\\/www.khnorppa.fi\\\/sv\\\/kontakt\\\/\",\"url\":\"https:\\\/\\\/www.khnorppa.fi\\\/sv\\\/kontakt\\\/\",\"name\":\"Kontakt - Kiinteist\u00f6palvelu Norppa\",\"isPartOf\":{\"@id\":\"https:\\\/\\\/www.khnorppa.fi\\\/#website\"},\"primaryImageOfPage\":{\"@id\":\"https:\\\/\\\/www.khnorppa.fi\\\/sv\\\/kontakt\\\/#primaryimage\"},\"image\":{\"@id\":\"https:\\\/\\\/www.khnorppa.fi\\\/sv\\\/kontakt\\\/#primaryimage\"},\"thumbnailUrl\":\"https:\\\/\\\/www.khnorppa.fi\\\/wp-content\\\/uploads\\\/2018\\\/07\\\/Tommi.jpg\",\"datePublished\":\"2014-05-20T11:54:59+00:00\",\"dateModified\":\"2025-03-21T11:27:44+00:00\",\"inLanguage\":\"sv-SE\",\"potentialAction\":[{\"@type\":\"ReadAction\",\"target\":[\"https:\\\/\\\/www.khnorppa.fi\\\/sv\\\/kontakt\\\/\"]}]},{\"@type\":\"ImageObject\",\"inLanguage\":\"sv-SE\",\"@id\":\"https:\\\/\\\/www.khnorppa.fi\\\/sv\\\/kontakt\\\/#primaryimage\",\"url\":\"https:\\\/\\\/www.khnorppa.fi\\\/wp-content\\\/uploads\\\/2018\\\/07\\\/Tommi.jpg\",\"contentUrl\":\"https:\\\/\\\/www.khnorppa.fi\\\/wp-content\\\/uploads\\\/2018\\\/07\\\/Tommi.jpg\"},{\"@type\":\"WebSite\",\"@id\":\"https:\\\/\\\/www.khnorppa.fi\\\/#website\",\"url\":\"https:\\\/\\\/www.khnorppa.fi\\\/\",\"name\":\"Kiinteist\u00f6palvelu Norppa\",\"description\":\"\",\"potentialAction\":[{\"@type\":\"SearchAction\",\"target\":{\"@type\":\"EntryPoint\",\"urlTemplate\":\"https:\\\/\\\/www.khnorppa.fi\\\/?s={search_term_string}\"},\"query-input\":{\"@type\":\"PropertyValueSpecification\",\"valueRequired\":true,\"valueName\":\"search_term_string\"}}],\"inLanguage\":\"sv-SE\"}]}<\/script>\n<!-- \/ Yoast SEO plugin. -->","yoast_head_json":{"title":"Kontakt - Kiinteist\u00f6palvelu Norppa","robots":{"index":"index","follow":"follow","max-snippet":"max-snippet:-1","max-image-preview":"max-image-preview:large","max-video-preview":"max-video-preview:-1"},"canonical":"https:\/\/www.khnorppa.fi\/sv\/kontakt\/","twitter_misc":{"Ber\u00e4knad l\u00e4stid":"3 minuter"},"schema":{"@context":"https:\/\/schema.org","@graph":[{"@type":"WebPage","@id":"https:\/\/www.khnorppa.fi\/sv\/kontakt\/","url":"https:\/\/www.khnorppa.fi\/sv\/kontakt\/","name":"Kontakt - Kiinteist\u00f6palvelu Norppa","isPartOf":{"@id":"https:\/\/www.khnorppa.fi\/#website"},"primaryImageOfPage":{"@id":"https:\/\/www.khnorppa.fi\/sv\/kontakt\/#primaryimage"},"image":{"@id":"https:\/\/www.khnorppa.fi\/sv\/kontakt\/#primaryimage"},"thumbnailUrl":"https:\/\/www.khnorppa.fi\/wp-content\/uploads\/2018\/07\/Tommi.jpg","datePublished":"2014-05-20T11:54:59+00:00","dateModified":"2025-03-21T11:27:44+00:00","inLanguage":"sv-SE","potentialAction":[{"@type":"ReadAction","target":["https:\/\/www.khnorppa.fi\/sv\/kontakt\/"]}]},{"@type":"ImageObject","inLanguage":"sv-SE","@id":"https:\/\/www.khnorppa.fi\/sv\/kontakt\/#primaryimage","url":"https:\/\/www.khnorppa.fi\/wp-content\/uploads\/2018\/07\/Tommi.jpg","contentUrl":"https:\/\/www.khnorppa.fi\/wp-content\/uploads\/2018\/07\/Tommi.jpg"},{"@type":"WebSite","@id":"https:\/\/www.khnorppa.fi\/#website","url":"https:\/\/www.khnorppa.fi\/","name":"Kiinteist\u00f6palvelu Norppa","description":"","potentialAction":[{"@type":"SearchAction","target":{"@type":"EntryPoint","urlTemplate":"https:\/\/www.khnorppa.fi\/?s={search_term_string}"},"query-input":{"@type":"PropertyValueSpecification","valueRequired":true,"valueName":"search_term_string"}}],"inLanguage":"sv-SE"}]}},"_links":{"self":[{"href":"https:\/\/www.khnorppa.fi\/sv\/wp-json\/wp\/v2\/pages\/466","targetHints":{"allow":["GET"]}}],"collection":[{"href":"https:\/\/www.khnorppa.fi\/sv\/wp-json\/wp\/v2\/pages"}],"about":[{"href":"https:\/\/www.khnorppa.fi\/sv\/wp-json\/wp\/v2\/types\/page"}],"author":[{"embeddable":true,"href":"https:\/\/www.khnorppa.fi\/sv\/wp-json\/wp\/v2\/users\/1"}],"replies":[{"embeddable":true,"href":"https:\/\/www.khnorppa.fi\/sv\/wp-json\/wp\/v2\/comments?post=466"}],"version-history":[{"count":11,"href":"https:\/\/www.khnorppa.fi\/sv\/wp-json\/wp\/v2\/pages\/466\/revisions"}],"predecessor-version":[{"id":6017,"href":"https:\/\/www.khnorppa.fi\/sv\/wp-json\/wp\/v2\/pages\/466\/revisions\/6017"}],"wp:attachment":[{"href":"https:\/\/www.khnorppa.fi\/sv\/wp-json\/wp\/v2\/media?parent=466"}],"curies":[{"name":"wp","href":"https:\/\/api.w.org\/{rel}","templated":true}]}}