{"id":491,"date":"2014-07-08T13:34:41","date_gmt":"2014-07-08T10:34:41","guid":{"rendered":"https:\/\/www.khnorppa.fi\/ilmoitukset-2\/"},"modified":"2019-07-25T16:55:53","modified_gmt":"2019-07-25T13:55:53","slug":"annonser","status":"publish","type":"page","link":"https:\/\/www.khnorppa.fi\/sv\/annonser\/","title":{"rendered":"Annonser"},"content":{"rendered":"<h2>F\u00f6delseanm\u00e4lan Barn<\/h2>\n<p>F\u00e4lt markerade med en asterisk \u00e4r obligatoriska.<\/p>\n<p>F\u00f6r att s\u00e4kerst\u00e4lla att bostadsf\u00f6reningens interna styrning fungerar v\u00e4l, m\u00e5ste du alltid l\u00e4mna in en anm\u00e4lan om att flytta in eller ut ur l\u00e4genheten till en f\u00f6retr\u00e4dare f\u00f6r f\u00f6reningen. Ett utdrag ur registret \u00f6ver de boende f\u00f6r att erh\u00e5lla boendeservice, \u00f6ppna d\u00f6rren till en l\u00e4genhet, att \u00e4ndra namnet p\u00e5 d\u00f6rrskylten till l\u00e4genheten kan endast best\u00e4llas under f\u00f6ruts\u00e4ttning att bolaget som sk\u00f6ter underh\u00e5llet har f\u00e5tt en anm\u00e4lan fr\u00e5n den boende, som har fyllts i p\u00e5 ett korrekt s\u00e4tt.<\/p>\n<div class=\"frm_forms \" id=\"frm_form_8_container\" >\n<form enctype=\"multipart\/form-data\" method=\"post\" class=\"frm-show-form  frm_pro_form \" id=\"form_contact-form2\" >\n<div class=\"frm_form_fields \">\n<fieldset>\n<legend class=\"frm_hidden\">Ilmoitus lapsen syntym\u00e4st\u00e4<\/legend>\r\n\r\n<div class=\"frm_fields_container\">\n<input type=\"hidden\" name=\"frm_action\" value=\"create\" \/>\n<input type=\"hidden\" name=\"form_id\" value=\"8\" \/>\n<input type=\"hidden\" name=\"frm_hide_fields_8\" id=\"frm_hide_fields_8\" value=\"\" \/>\n<input type=\"hidden\" name=\"form_key\" value=\"contact-form2\" \/>\n<input type=\"hidden\" name=\"item_meta[0]\" value=\"\" \/>\n<input type=\"hidden\" id=\"frm_submit_entry_8\" name=\"frm_submit_entry_8\" value=\"d9466dd1ef\" \/><input type=\"hidden\" name=\"_wp_http_referer\" value=\"\/sv\/wp-json\/wp\/v2\/pages\/491\" \/><div id=\"frm_field_76_container\" class=\"frm_form_field form-field  frm_required_field frm_top_container\">\r\n    <label for=\"field_qh4icy3\" class=\"frm_primary_label\">Syntyneen sukunimi\r\n        <span class=\"frm_required\">*<\/span>\r\n    <\/label>\r\n    <input  type=\"text\" id=\"field_qh4icy3\" name=\"item_meta[76]\" value=\"\"  data-reqmsg=\"T\u00e4m\u00e4 kentt\u00e4 ei voi olla tyhj\u00e4.\" aria-required=\"true\" data-invmsg=\"Syntyneen sukunimi \u00e4r ogiltigt\" aria-invalid=\"false\"   \/>\r\n    \r\n    \r\n<\/div>\n<div id=\"frm_field_82_container\" class=\"frm_form_field form-field  frm_required_field frm_top_container\">\r\n    <label for=\"field_78dx7\" class=\"frm_primary_label\">Syntyneen etunimi\r\n        <span class=\"frm_required\">*<\/span>\r\n    <\/label>\r\n    <input  type=\"text\" id=\"field_78dx7\" name=\"item_meta[82]\" value=\"\"  data-reqmsg=\"T\u00e4m\u00e4 kentt\u00e4 ei voi olla tyhj\u00e4.\" aria-required=\"true\" data-invmsg=\"Syntyneen etunimi \u00e4r ogiltigt\" aria-invalid=\"false\"   \/>\r\n    \r\n    \r\n<\/div>\n<div id=\"frm_field_83_container\" class=\"frm_form_field form-field  frm_required_field frm_top_container\">\r\n    <label for=\"field_y85bn\" class=\"frm_primary_label\">Kutsumanimi\r\n        <span class=\"frm_required\">*<\/span>\r\n    <\/label>\r\n    <input  type=\"text\" id=\"field_y85bn\" name=\"item_meta[83]\" value=\"\"  data-reqmsg=\"T\u00e4m\u00e4 kentt\u00e4 ei voi olla tyhj\u00e4.\" aria-required=\"true\" data-invmsg=\"Kutsumanimi \u00e4r ogiltigt\" aria-invalid=\"false\"   \/>\r\n    \r\n    \r\n<\/div>\n<div id=\"frm_field_84_container\" class=\"frm_form_field form-field  frm_required_field frm_top_container\">\r\n    <label for=\"field_c61z3\" class=\"frm_primary_label\">Syntym\u00e4aika\r\n        <span class=\"frm_required\">*<\/span>\r\n    <\/label>\r\n    <input  type=\"text\" id=\"field_c61z3\" name=\"item_meta[84]\" value=\"\"  data-reqmsg=\"T\u00e4m\u00e4 kentt\u00e4 ei voi olla tyhj\u00e4.\" aria-required=\"true\" data-invmsg=\"Syntym\u00e4aika \u00e4r ogiltigt\" aria-invalid=\"false\"   \/>\r\n    \r\n    \r\n<\/div>\n<div id=\"frm_field_77_container\" class=\"frm_form_field form-field  frm_required_field frm_top_container frm_half frm_first\">\r\n    <label for=\"field_kebva2\" class=\"frm_primary_label\">L\u00e4hiosoite, postinumero ja -paikka\r\n        <span class=\"frm_required\">*<\/span>\r\n    <\/label>\r\n    <input  type=\"text\" id=\"field_kebva2\" name=\"item_meta[77]\" value=\"\"  data-reqmsg=\"T\u00e4m\u00e4 kentt\u00e4 ei voi olla tyhj\u00e4.\" aria-required=\"true\" data-invmsg=\"L\u00e4hiosoite, postinumero ja -paikka \u00e4r ogiltigt\" aria-invalid=\"false\"   \/>\r\n    \r\n    \r\n<\/div>\n<div id=\"frm_field_80_container\" class=\"frm_form_field form-field  frm_required_field frm_top_container\">\r\n    <label for=\"field_e6lis6\" class=\"frm_primary_label\">Muuttop\u00e4iv\u00e4\r\n        <span class=\"frm_required\">*<\/span>\r\n    <\/label>\r\n    <input  type=\"text\" id=\"field_e6lis6\" name=\"item_meta[80]\" value=\"\"  data-reqmsg=\"T\u00e4m\u00e4 kentt\u00e4 ei voi olla tyhj\u00e4.\" aria-required=\"true\" data-invmsg=\"Muuttop\u00e4iv\u00e4 \u00e4r ogiltigt\" aria-invalid=\"false\"   \/>\r\n    \r\n    \r\n<\/div>\n<div id=\"frm_field_85_container\" class=\"frm_form_field form-field  frm_required_field frm_top_container\">\r\n    <label for=\"field_g9n65\" class=\"frm_primary_label\">Muuton j\u00e4lkeen huoneistossa asuvien henkil\u00f6iden lukum\u00e4\u00e4r\u00e4\r\n        <span class=\"frm_required\">*<\/span>\r\n    <\/label>\r\n    <input  type=\"text\" id=\"field_g9n65\" name=\"item_meta[85]\" value=\"\"  data-reqmsg=\"T\u00e4m\u00e4 kentt\u00e4 ei voi olla tyhj\u00e4.\" aria-required=\"true\" data-invmsg=\"Muuton j\u00e4lkeen huoneistossa asuvien henkil\u00f6iden lukum\u00e4\u00e4r\u00e4 \u00e4r ogiltigt\" aria-invalid=\"false\"   \/>\r\n    \r\n    \r\n<\/div>\n\t<input type=\"hidden\" name=\"item_key\" value=\"\" \/>\n\t\t\t<div id=\"frm_field_192_container\">\n\t\t\t<label for=\"field_3uk8d\"  style=\"display:none;\">\n\t\t\t\tOm du \u00e4r m\u00e4nsklig, l\u00e4mna det h\u00e4r f\u00e4ltet tomt.\t\t\t<\/label>\n\t\t\t<input  id=\"field_3uk8d\" type=\"text\" class=\"frm_form_field form-field frm_verify\" name=\"item_meta[192]\" value=\"\"  style=\"display:none;\" \/>\n\t\t<\/div>\n\t\t<input name=\"frm_state\" type=\"hidden\" value=\"aWaBWmqXfMweIpBUvlh2d6XyHd8rXrHrvzJDZhEVHm7QFkVtLsigzxe4HJn48UEo\" \/><div class=\"frm_submit\">\r\n\r\n<button class=\"frm_button_submit frm_final_submit\" type=\"submit\"  >L\u00e4het\u00e4<\/button>\r\n\r\n<\/div><\/div>\n<\/fieldset>\n<\/div>\n<script type=\"text\/javascript\">var input = document.createElement('input');\n    input.setAttribute('type', 'hidden');\n    input.setAttribute('name', 'ct_checkjs_frm');\n    input.setAttribute('value', '2103503540');\n    for (i = 0; i < document.forms.length; i++) {\n        if (typeof document.forms[i].id == 'string'){\n\t\t\tif(document.forms[i].id.search('form_contact-form2') != -1) {\n            document.forms[i].appendChild(input);\n\t\t\t}\n        }\n    }<\/script>\n\n<\/form>\n<\/div>\n\n<p><a name=\"d\u00f6dsruna\" rel=\"nofollow\"><\/a><\/p>\n<h2>Anm\u00e4lan om d\u00f6dsfall<\/h2>\n<p>F\u00e4lt markerade med en asterisk \u00e4r obligatoriska.<\/p>\n<p>Observera, att du kan best\u00e4lla sorgeflaggning vid d\u00f6dsdagen och v\u00e4lsignelsedagen genom oss med en separat best\u00e4llningsblankett.<\/p>\n<p><div class=\"frm_forms \" id=\"frm_form_9_container\" >\n<form enctype=\"multipart\/form-data\" method=\"post\" class=\"frm-show-form  frm_pro_form \" id=\"form_contact-form22\" >\n<div class=\"frm_form_fields \">\n<fieldset>\n<legend class=\"frm_hidden\">Ilmoitus kuolemantapauksesta<\/legend>\r\n\r\n<div class=\"frm_fields_container\">\n<input type=\"hidden\" name=\"frm_action\" value=\"create\" \/>\n<input type=\"hidden\" name=\"form_id\" value=\"9\" \/>\n<input type=\"hidden\" name=\"frm_hide_fields_9\" id=\"frm_hide_fields_9\" value=\"\" \/>\n<input type=\"hidden\" name=\"form_key\" value=\"contact-form22\" \/>\n<input type=\"hidden\" name=\"item_meta[0]\" value=\"\" \/>\n<input type=\"hidden\" id=\"frm_submit_entry_9\" name=\"frm_submit_entry_9\" value=\"d9466dd1ef\" \/><input type=\"hidden\" name=\"_wp_http_referer\" value=\"\/sv\/wp-json\/wp\/v2\/pages\/491\" \/><div id=\"frm_field_86_container\" class=\"frm_form_field form-field  frm_required_field frm_top_container\">\r\n    <label for=\"field_qh4icy32\" class=\"frm_primary_label\">Ilmoittajan sukunimi\r\n        <span class=\"frm_required\">*<\/span>\r\n    <\/label>\r\n    <input  type=\"text\" id=\"field_qh4icy32\" name=\"item_meta[86]\" value=\"\"  data-reqmsg=\"T\u00e4m\u00e4 kentt\u00e4 ei voi olla tyhj\u00e4.\" aria-required=\"true\" data-invmsg=\"Ilmoittajan sukunimi is invalid\" aria-invalid=\"false\"   \/>\r\n    \r\n    \r\n<\/div>\n<div id=\"frm_field_87_container\" class=\"frm_form_field form-field  frm_required_field frm_top_container\">\r\n    <label for=\"field_78dx72\" class=\"frm_primary_label\">Ilmoittajan etunimi\r\n        <span class=\"frm_required\">*<\/span>\r\n    <\/label>\r\n    <input  type=\"text\" id=\"field_78dx72\" name=\"item_meta[87]\" value=\"\"  data-reqmsg=\"T\u00e4m\u00e4 kentt\u00e4 ei voi olla tyhj\u00e4.\" aria-required=\"true\" data-invmsg=\"Ilmoittajan etunimi is invalid\" aria-invalid=\"false\"   \/>\r\n    \r\n    \r\n<\/div>\n<div id=\"frm_field_88_container\" class=\"frm_form_field form-field  frm_required_field frm_top_container\">\r\n    <label for=\"field_y85bn2\" class=\"frm_primary_label\">Puhelin\r\n        <span class=\"frm_required\">*<\/span>\r\n    <\/label>\r\n    <input  type=\"text\" id=\"field_y85bn2\" name=\"item_meta[88]\" value=\"\"  data-reqmsg=\"T\u00e4m\u00e4 kentt\u00e4 ei voi olla tyhj\u00e4.\" aria-required=\"true\" data-invmsg=\"Puhelin is invalid\" aria-invalid=\"false\"   \/>\r\n    \r\n    \r\n<\/div>\n<div id=\"frm_field_91_container\" class=\"frm_form_field form-field  frm_required_field frm_top_container\">\r\n    <label for=\"field_e6lis63\" class=\"frm_primary_label\">Kuolinp\u00e4iv\u00e4\r\n        <span class=\"frm_required\">*<\/span>\r\n    <\/label>\r\n    <input  type=\"text\" id=\"field_e6lis63\" name=\"item_meta[91]\" value=\"\"  data-reqmsg=\"T\u00e4m\u00e4 kentt\u00e4 ei voi olla tyhj\u00e4.\" aria-required=\"true\" data-invmsg=\"Kuolinp\u00e4iv\u00e4 is invalid\" aria-invalid=\"false\"   \/>\r\n    \r\n    \r\n<\/div>\n<div id=\"frm_field_89_container\" class=\"frm_form_field form-field  frm_required_field frm_top_container frm_half\">\r\n    <label for=\"field_c61z32\" class=\"frm_primary_label\">Vainajan sukunimi ja etunimet\r\n        <span class=\"frm_required\">*<\/span>\r\n    <\/label>\r\n    <input  type=\"text\" id=\"field_c61z32\" name=\"item_meta[89]\" value=\"\"  data-reqmsg=\"T\u00e4m\u00e4 kentt\u00e4 ei voi olla tyhj\u00e4.\" aria-required=\"true\" data-invmsg=\"Vainajan sukunimi ja etunimet is invalid\" aria-invalid=\"false\"   \/>\r\n    \r\n    \r\n<\/div>\n<div id=\"frm_field_90_container\" class=\"frm_form_field form-field  frm_required_field frm_top_container frm_half\">\r\n    <label for=\"field_kebva3\" class=\"frm_primary_label\">Vainajan l\u00e4hiosoite, postinumero ja -paikka\r\n        <span class=\"frm_required\">*<\/span>\r\n    <\/label>\r\n    <input  type=\"text\" id=\"field_kebva3\" name=\"item_meta[90]\" value=\"\"  data-reqmsg=\"T\u00e4m\u00e4 kentt\u00e4 ei voi olla tyhj\u00e4.\" aria-required=\"true\" data-invmsg=\"Vainajan l\u00e4hiosoite, postinumero ja -paikka is invalid\" aria-invalid=\"false\"   \/>\r\n    \r\n    \r\n<\/div>\n\t<input type=\"hidden\" name=\"item_key\" value=\"\" \/>\n\t\t\t<div id=\"frm_field_193_container\">\n\t\t\t<label for=\"field_xnf6d\"  style=\"display:none;\">\n\t\t\t\tOm du \u00e4r m\u00e4nsklig, l\u00e4mna det h\u00e4r f\u00e4ltet tomt.\t\t\t<\/label>\n\t\t\t<input  id=\"field_xnf6d\" type=\"text\" class=\"frm_form_field form-field frm_verify\" name=\"item_meta[193]\" value=\"\"  style=\"display:none;\" \/>\n\t\t<\/div>\n\t\t<input name=\"frm_state\" type=\"hidden\" value=\"aWaBWmqXfMweIpBUvlh2d6XyHd8rXrHrvzJDZhEVHm7Ys4ROmvqLRP93ScjrNm04\" \/><div class=\"frm_submit\">\r\n\r\n<button class=\"frm_button_submit frm_final_submit\" type=\"submit\"  >L\u00e4het\u00e4<\/button>\r\n\r\n<\/div><\/div>\n<\/fieldset>\n<\/div>\n<script type=\"text\/javascript\">var input = document.createElement('input');\n    input.setAttribute('type', 'hidden');\n    input.setAttribute('name', 'ct_checkjs_frm');\n    input.setAttribute('value', '2103503540');\n    for (i = 0; i < document.forms.length; i++) {\n        if (typeof document.forms[i].id == 'string'){\n\t\t\tif(document.forms[i].id.search('form_contact-form22') != -1) {\n            document.forms[i].appendChild(input);\n\t\t\t}\n        }\n    }<\/script>\n\n<\/form>\n<\/div>\n<br \/>\n<a name=\"namnbyte\" rel=\"nofollow\"><\/a><\/p>\n<h2>Anm\u00e4lan om namn\u00e4ndring<\/h2>\n<p>F\u00e4lt markerade med en asterisk \u00e4r obligatoriska.<\/p>\n<div class=\"frm_forms \" id=\"frm_form_10_container\" >\n<form enctype=\"multipart\/form-data\" method=\"post\" class=\"frm-show-form  frm_pro_form \" id=\"form_contact-form23\" >\n<div class=\"frm_form_fields \">\n<fieldset>\n<legend class=\"frm_hidden\">Ilmoitus nimenmuutoksesta<\/legend>\r\n\r\n<div class=\"frm_fields_container\">\n<input type=\"hidden\" name=\"frm_action\" value=\"create\" \/>\n<input type=\"hidden\" name=\"form_id\" value=\"10\" \/>\n<input type=\"hidden\" name=\"frm_hide_fields_10\" id=\"frm_hide_fields_10\" value=\"\" \/>\n<input type=\"hidden\" name=\"form_key\" value=\"contact-form23\" \/>\n<input type=\"hidden\" name=\"item_meta[0]\" value=\"\" \/>\n<input type=\"hidden\" id=\"frm_submit_entry_10\" name=\"frm_submit_entry_10\" value=\"d9466dd1ef\" \/><input type=\"hidden\" name=\"_wp_http_referer\" value=\"\/sv\/wp-json\/wp\/v2\/pages\/491\" \/><div id=\"frm_field_93_container\" class=\"frm_form_field form-field  frm_required_field frm_top_container frm_first\">\r\n    <label for=\"field_qh4icy33\" class=\"frm_primary_label\">Sukunimi\r\n        <span class=\"frm_required\">*<\/span>\r\n    <\/label>\r\n    <input  type=\"text\" id=\"field_qh4icy33\" name=\"item_meta[93]\" value=\"\"  data-reqmsg=\"T\u00e4m\u00e4 kentt\u00e4 ei voi olla tyhj\u00e4.\" aria-required=\"true\" data-invmsg=\"Sukunimi \u00e4r ogiltigt\" aria-invalid=\"false\"   \/>\r\n    \r\n    \r\n<\/div>\n<div id=\"frm_field_94_container\" class=\"frm_form_field form-field  frm_required_field frm_top_container\">\r\n    <label for=\"field_78dx73\" class=\"frm_primary_label\">Etunimi\r\n        <span class=\"frm_required\">*<\/span>\r\n    <\/label>\r\n    <input  type=\"text\" id=\"field_78dx73\" name=\"item_meta[94]\" value=\"\"  data-reqmsg=\"T\u00e4m\u00e4 kentt\u00e4 ei voi olla tyhj\u00e4.\" aria-required=\"true\" data-invmsg=\"Etunimi \u00e4r ogiltigt\" aria-invalid=\"false\"   \/>\r\n    \r\n    \r\n<\/div>\n<div id=\"frm_field_100_container\" class=\"frm_form_field form-field  frm_required_field frm_top_container frm_half\">\r\n    <label for=\"field_pkf4u\" class=\"frm_primary_label\">Uusi sukunimi ja etunimet\r\n        <span class=\"frm_required\">*<\/span>\r\n    <\/label>\r\n    <input  type=\"text\" id=\"field_pkf4u\" name=\"item_meta[100]\" value=\"\"  data-reqmsg=\"T\u00e4m\u00e4 kentt\u00e4 ei voi olla tyhj\u00e4.\" aria-required=\"true\" data-invmsg=\"Uusi sukunimi ja etunimet \u00e4r ogiltigt\" aria-invalid=\"false\"   \/>\r\n    \r\n    \r\n<\/div>\n<div id=\"frm_field_95_container\" class=\"frm_form_field form-field  frm_required_field frm_top_container\">\r\n    <label for=\"field_y85bn3\" class=\"frm_primary_label\">Kutsumanimi\r\n        <span class=\"frm_required\">*<\/span>\r\n    <\/label>\r\n    <input  type=\"text\" id=\"field_y85bn3\" name=\"item_meta[95]\" value=\"\"  data-reqmsg=\"T\u00e4m\u00e4 kentt\u00e4 ei voi olla tyhj\u00e4.\" aria-required=\"true\" data-invmsg=\"Kutsumanimi \u00e4r ogiltigt\" aria-invalid=\"false\"   \/>\r\n    \r\n    \r\n<\/div>\n<div id=\"frm_field_101_container\" class=\"frm_form_field form-field  frm_required_field frm_top_container\">\r\n    <label for=\"field_dpn7o\" class=\"frm_primary_label\">Muutosp\u00e4iv\u00e4\r\n        <span class=\"frm_required\">*<\/span>\r\n    <\/label>\r\n    <input  type=\"text\" id=\"field_dpn7o\" name=\"item_meta[101]\" value=\"\"  data-reqmsg=\"T\u00e4m\u00e4 kentt\u00e4 ei voi olla tyhj\u00e4.\" aria-required=\"true\" data-invmsg=\"Muutosp\u00e4iv\u00e4 \u00e4r ogiltigt\" aria-invalid=\"false\"   \/>\r\n    \r\n    \r\n<\/div>\n<div id=\"frm_field_97_container\" class=\"frm_form_field form-field  frm_required_field frm_top_container frm_half\">\r\n    <label for=\"field_kebva4\" class=\"frm_primary_label\">L\u00e4hiosoite, postinumero ja -paikka\r\n        <span class=\"frm_required\">*<\/span>\r\n    <\/label>\r\n    <input  type=\"text\" id=\"field_kebva4\" name=\"item_meta[97]\" value=\"\"  data-reqmsg=\"T\u00e4m\u00e4 kentt\u00e4 ei voi olla tyhj\u00e4.\" aria-required=\"true\" data-invmsg=\"L\u00e4hiosoite, postinumero ja -paikka \u00e4r ogiltigt\" aria-invalid=\"false\"   \/>\r\n    \r\n    \r\n<\/div>\n<div id=\"frm_field_98_container\" class=\"frm_form_field form-field  frm_required_field frm_top_container\">\r\n    <label for=\"field_e6lis64\" class=\"frm_primary_label\">Puhelin\r\n        <span class=\"frm_required\">*<\/span>\r\n    <\/label>\r\n    <input  type=\"text\" id=\"field_e6lis64\" name=\"item_meta[98]\" value=\"\"  data-reqmsg=\"T\u00e4m\u00e4 kentt\u00e4 ei voi olla tyhj\u00e4.\" aria-required=\"true\" data-invmsg=\"Puhelin \u00e4r ogiltigt\" aria-invalid=\"false\"   \/>\r\n    \r\n    \r\n<\/div>\n<div id=\"frm_field_183_container\" class=\"frm_form_field form-field  frm_top_container\">\r\n    <label for=\"field_zsqsx\" class=\"frm_primary_label\">S\u00e4hk\u00f6posti\r\n        <span class=\"frm_required\"><\/span>\r\n    <\/label>\r\n    <input type=\"email\" id=\"field_zsqsx\" name=\"item_meta[183]\" value=\"\"  data-invmsg=\"S\u00e4hk\u00f6posti is invalid\" aria-invalid=\"false\"  \/>\r\n    \r\n    \r\n<\/div>\n\t<input type=\"hidden\" name=\"item_key\" value=\"\" \/>\n\t\t\t<div id=\"frm_field_194_container\">\n\t\t\t<label for=\"field_9jhj0\"  style=\"display:none;\">\n\t\t\t\tOm du \u00e4r m\u00e4nsklig, l\u00e4mna det h\u00e4r f\u00e4ltet tomt.\t\t\t<\/label>\n\t\t\t<input  id=\"field_9jhj0\" type=\"text\" class=\"frm_form_field form-field frm_verify\" name=\"item_meta[194]\" value=\"\"  style=\"display:none;\" \/>\n\t\t<\/div>\n\t\t<input name=\"frm_state\" type=\"hidden\" value=\"aWaBWmqXfMweIpBUvlh2d6XyHd8rXrHrvzJDZhEVHm4clgX\/XtM28\/VOS4BZJotm\" \/><div class=\"frm_submit\">\r\n\r\n<button class=\"frm_button_submit frm_final_submit\" type=\"submit\"   formnovalidate=\"formnovalidate\">L\u00e4het\u00e4<\/button>\r\n\r\n<\/div><\/div>\n<\/fieldset>\n<\/div>\n<script type=\"text\/javascript\">var input = document.createElement('input');\n    input.setAttribute('type', 'hidden');\n    input.setAttribute('name', 'ct_checkjs_frm');\n    input.setAttribute('value', '2103503540');\n    for (i = 0; i < document.forms.length; i++) {\n        if (typeof document.forms[i].id == 'string'){\n\t\t\tif(document.forms[i].id.search('form_contact-form23') != -1) {\n            document.forms[i].appendChild(input);\n\t\t\t}\n        }\n    }<\/script>\n\n<\/form>\n<\/div>\n\n<p>&nbsp;<br \/>\n<a href=\"https:\/\/college-homework-help.org\/\" target=\"_blank\" rel=\"noopener noreferrer\">college-homework-help.org<\/a>.<\/p>\n","protected":false},"excerpt":{"rendered":"<p>F\u00f6delseanm\u00e4lan Barn F\u00e4lt markerade med en asterisk \u00e4r obligatoriska. F\u00f6r att s\u00e4kerst\u00e4lla att bostadsf\u00f6reningens interna styrning fungerar v\u00e4l, m\u00e5ste du alltid l\u00e4mna in en anm\u00e4lan om att flytta in eller ut ur l\u00e4genheten till en f\u00f6retr\u00e4dare f\u00f6r f\u00f6reningen. Ett utdrag ur registret \u00f6ver de boende f\u00f6r att erh\u00e5lla boendeservice, \u00f6ppna d\u00f6rren till en l\u00e4genhet, att [&hellip;]<\/p>\n","protected":false},"author":1,"featured_media":0,"parent":0,"menu_order":0,"comment_status":"closed","ping_status":"closed","template":"","meta":{"footnotes":""},"class_list":["post-491","page","type-page","status-publish","hentry"],"yoast_head":"<!-- This site is optimized with the Yoast SEO plugin v27.5 - https:\/\/yoast.com\/product\/yoast-seo-wordpress\/ -->\n<title>Annonser - Kiinteist\u00f6palvelu Norppa<\/title>\n<meta name=\"robots\" content=\"index, follow, max-snippet:-1, max-image-preview:large, max-video-preview:-1\" \/>\n<link rel=\"canonical\" href=\"https:\/\/www.khnorppa.fi\/sv\/annonser\/\" \/>\n<meta name=\"twitter:label1\" content=\"Ber\u00e4knad l\u00e4stid\" \/>\n\t<meta name=\"twitter:data1\" content=\"1 minut\" \/>\n<script type=\"application\/ld+json\" class=\"yoast-schema-graph\">{\"@context\":\"https:\\\/\\\/schema.org\",\"@graph\":[{\"@type\":\"WebPage\",\"@id\":\"https:\\\/\\\/www.khnorppa.fi\\\/sv\\\/annonser\\\/\",\"url\":\"https:\\\/\\\/www.khnorppa.fi\\\/sv\\\/annonser\\\/\",\"name\":\"Annonser - Kiinteist\u00f6palvelu Norppa\",\"isPartOf\":{\"@id\":\"https:\\\/\\\/www.khnorppa.fi\\\/#website\"},\"datePublished\":\"2014-07-08T10:34:41+00:00\",\"dateModified\":\"2019-07-25T13:55:53+00:00\",\"inLanguage\":\"sv-SE\",\"potentialAction\":[{\"@type\":\"ReadAction\",\"target\":[\"https:\\\/\\\/www.khnorppa.fi\\\/sv\\\/annonser\\\/\"]}]},{\"@type\":\"WebSite\",\"@id\":\"https:\\\/\\\/www.khnorppa.fi\\\/#website\",\"url\":\"https:\\\/\\\/www.khnorppa.fi\\\/\",\"name\":\"Kiinteist\u00f6palvelu Norppa\",\"description\":\"\",\"potentialAction\":[{\"@type\":\"SearchAction\",\"target\":{\"@type\":\"EntryPoint\",\"urlTemplate\":\"https:\\\/\\\/www.khnorppa.fi\\\/?s={search_term_string}\"},\"query-input\":{\"@type\":\"PropertyValueSpecification\",\"valueRequired\":true,\"valueName\":\"search_term_string\"}}],\"inLanguage\":\"sv-SE\"}]}<\/script>\n<!-- \/ Yoast SEO plugin. -->","yoast_head_json":{"title":"Annonser - Kiinteist\u00f6palvelu Norppa","robots":{"index":"index","follow":"follow","max-snippet":"max-snippet:-1","max-image-preview":"max-image-preview:large","max-video-preview":"max-video-preview:-1"},"canonical":"https:\/\/www.khnorppa.fi\/sv\/annonser\/","twitter_misc":{"Ber\u00e4knad l\u00e4stid":"1 minut"},"schema":{"@context":"https:\/\/schema.org","@graph":[{"@type":"WebPage","@id":"https:\/\/www.khnorppa.fi\/sv\/annonser\/","url":"https:\/\/www.khnorppa.fi\/sv\/annonser\/","name":"Annonser - Kiinteist\u00f6palvelu Norppa","isPartOf":{"@id":"https:\/\/www.khnorppa.fi\/#website"},"datePublished":"2014-07-08T10:34:41+00:00","dateModified":"2019-07-25T13:55:53+00:00","inLanguage":"sv-SE","potentialAction":[{"@type":"ReadAction","target":["https:\/\/www.khnorppa.fi\/sv\/annonser\/"]}]},{"@type":"WebSite","@id":"https:\/\/www.khnorppa.fi\/#website","url":"https:\/\/www.khnorppa.fi\/","name":"Kiinteist\u00f6palvelu Norppa","description":"","potentialAction":[{"@type":"SearchAction","target":{"@type":"EntryPoint","urlTemplate":"https:\/\/www.khnorppa.fi\/?s={search_term_string}"},"query-input":{"@type":"PropertyValueSpecification","valueRequired":true,"valueName":"search_term_string"}}],"inLanguage":"sv-SE"}]}},"_links":{"self":[{"href":"https:\/\/www.khnorppa.fi\/sv\/wp-json\/wp\/v2\/pages\/491","targetHints":{"allow":["GET"]}}],"collection":[{"href":"https:\/\/www.khnorppa.fi\/sv\/wp-json\/wp\/v2\/pages"}],"about":[{"href":"https:\/\/www.khnorppa.fi\/sv\/wp-json\/wp\/v2\/types\/page"}],"author":[{"embeddable":true,"href":"https:\/\/www.khnorppa.fi\/sv\/wp-json\/wp\/v2\/users\/1"}],"replies":[{"embeddable":true,"href":"https:\/\/www.khnorppa.fi\/sv\/wp-json\/wp\/v2\/comments?post=491"}],"version-history":[{"count":10,"href":"https:\/\/www.khnorppa.fi\/sv\/wp-json\/wp\/v2\/pages\/491\/revisions"}],"predecessor-version":[{"id":5587,"href":"https:\/\/www.khnorppa.fi\/sv\/wp-json\/wp\/v2\/pages\/491\/revisions\/5587"}],"wp:attachment":[{"href":"https:\/\/www.khnorppa.fi\/sv\/wp-json\/wp\/v2\/media?parent=491"}],"curies":[{"name":"wp","href":"https:\/\/api.w.org\/{rel}","templated":true}]}}