{"id":503,"date":"2014-07-08T13:34:26","date_gmt":"2014-07-08T10:34:26","guid":{"rendered":"https:\/\/www.khnorppa.fi\/lomakkeet-2\/"},"modified":"2021-06-14T14:02:42","modified_gmt":"2021-06-14T11:02:42","slug":"formular","status":"publish","type":"page","link":"https:\/\/www.khnorppa.fi\/sv\/formular\/","title":{"rendered":"Formul\u00e4r"},"content":{"rendered":"<div class=\"columns row group\">\n<div class=\"col cols-3\">\n<h2>Anm\u00e4lningar till f\u00f6rteckningen \u00f6ver husets\u00a0boende<\/h2>\n<p>&nbsp;<\/p>\n<p><a href=\"https:\/\/www.khnorppa.fi\/sv\/flyttningsanmalan\/\" rel=\"nofollow\">Flyttningsanm\u00e4lan<\/a><\/p>\n<p><a href=\"https:\/\/www.khnorppa.fi\/sv\/annonser\" rel=\"nofollow\">F\u00f6delseanm\u00e4lan Barn<\/a><\/p>\n<p><a href=\"https:\/\/www.khnorppa.fi\/sv\/annonser#d\u00f6dsruna\" rel=\"nofollow\">Anm\u00e4lan om d\u00f6dsfall<\/a><\/p>\n<p><a href=\"https:\/\/www.khnorppa.fi\/sv\/annonser#namnbyte\" rel=\"nofollow\">Anm\u00e4lan om namn\u00e4ndring<\/a><\/p>\n<\/div>\n<div class=\"col cols-3\">\n<h2>Best\u00e4llningsblanketter<\/h2>\n<p>&nbsp;<\/p>\n<p><a href=\"https:\/\/www.khnorppa.fi\/sv\/bestallningsblanketter\/\" rel=\"nofollow\">Bokning av bastutider<\/a><\/p>\n<p><a href=\"https:\/\/www.khnorppa.fi\/sv\/bestallningsblanketter#parkeringsplats\" rel=\"nofollow\">Reservering av parkeringsplats<\/a><\/p>\n<p><a href=\"https:\/\/www.khnorppa.fi\/sv\/bestallningsblanketter#sorgflaggning\" rel=\"nofollow\">Best\u00e4llning av sorgeflaggning<\/a><\/p>\n<p><a href=\"https:\/\/www.khnorppa.fi\/sv\/bestallningsblanketter#festflaggning\" rel=\"nofollow\">Best\u00e4llning av flaggning f\u00f6r festfest<\/a><\/p>\n<p><a href=\"https:\/\/www.khnorppa.fi\/sv\/bestallningsblanketter#utdraget\" rel=\"nofollow\">Best\u00e4llning av utdrag ur f\u00f6rteckning \u00f6ver husets boende<\/a><\/p>\n<\/div>\n<div class=\"col cols-3\">\n<h2>Upps\u00e4ggningsformul\u00e4r<\/h2>\n<p>&nbsp;<\/p>\n<p><a href=\"https:\/\/www.khnorppa.fi\/sv\/uppsagningsformular\/\" rel=\"nofollow\">Upps\u00e4gning av bastutid<\/a><\/p>\n<p><a href=\"https:\/\/www.khnorppa.fi\/sv\/uppsagningsformular\/\" rel=\"nofollow\">Upps\u00e4gning av parkeringsplats<\/a><\/p>\n<\/div>\n<\/div>\n<h4>Har du fr\u00e5gor? V\u00e5r <a title=\"Kontakt\" href=\"https:\/\/www.khnorppa.fi\/sv\/kontakt\/\" rel=\"nofollow\">kundtj\u00e4nst<\/a>\u00a0hj\u00e4lper dig g\u00e4rna.<\/h4>\n<div class=\"columns row group\"><\/div>\n<h2>Felanm\u00e4lan<\/h2>\n<p><iframe style=\"margin: 0px; width: 100%; min-height: 1000px; overflow-y: auto; border: 0px;\" src=\"https:\/\/www.huoltokanava.fi\/embed\/notice\/kiinteistopalvelu-norppa?lang=sv\" scrolling=\"auto\"><\/iframe><\/p>\n","protected":false},"excerpt":{"rendered":"<p>Anm\u00e4lningar till f\u00f6rteckningen \u00f6ver husets\u00a0boende &nbsp; Flyttningsanm\u00e4lan F\u00f6delseanm\u00e4lan Barn Anm\u00e4lan om d\u00f6dsfall Anm\u00e4lan om namn\u00e4ndring Best\u00e4llningsblanketter &nbsp; Bokning av bastutider Reservering av parkeringsplats Best\u00e4llning av sorgeflaggning Best\u00e4llning av flaggning f\u00f6r festfest Best\u00e4llning av utdrag ur f\u00f6rteckning \u00f6ver husets boende Upps\u00e4ggningsformul\u00e4r &nbsp; Upps\u00e4gning av bastutid Upps\u00e4gning av parkeringsplats Har du fr\u00e5gor? V\u00e5r kundtj\u00e4nst\u00a0hj\u00e4lper dig g\u00e4rna. Felanm\u00e4lan<\/p>\n","protected":false},"author":1,"featured_media":0,"parent":0,"menu_order":0,"comment_status":"closed","ping_status":"closed","template":"","meta":{"footnotes":""},"class_list":["post-503","page","type-page","status-publish","hentry"],"yoast_head":"<!-- This site is optimized with the Yoast SEO plugin v27.5 - https:\/\/yoast.com\/product\/yoast-seo-wordpress\/ -->\n<title>Formul\u00e4r - Kiinteist\u00f6palvelu Norppa<\/title>\n<meta name=\"robots\" content=\"index, follow, max-snippet:-1, max-image-preview:large, max-video-preview:-1\" \/>\n<link rel=\"canonical\" href=\"https:\/\/www.khnorppa.fi\/sv\/formular\/\" \/>\n<meta name=\"twitter:label1\" content=\"Ber\u00e4knad l\u00e4stid\" \/>\n\t<meta name=\"twitter:data1\" content=\"1 minut\" \/>\n<script type=\"application\/ld+json\" class=\"yoast-schema-graph\">{\"@context\":\"https:\\\/\\\/schema.org\",\"@graph\":[{\"@type\":\"WebPage\",\"@id\":\"https:\\\/\\\/www.khnorppa.fi\\\/sv\\\/formular\\\/\",\"url\":\"https:\\\/\\\/www.khnorppa.fi\\\/sv\\\/formular\\\/\",\"name\":\"Formul\u00e4r - Kiinteist\u00f6palvelu Norppa\",\"isPartOf\":{\"@id\":\"https:\\\/\\\/www.khnorppa.fi\\\/#website\"},\"datePublished\":\"2014-07-08T10:34:26+00:00\",\"dateModified\":\"2021-06-14T11:02:42+00:00\",\"inLanguage\":\"sv-SE\",\"potentialAction\":[{\"@type\":\"ReadAction\",\"target\":[\"https:\\\/\\\/www.khnorppa.fi\\\/sv\\\/formular\\\/\"]}]},{\"@type\":\"WebSite\",\"@id\":\"https:\\\/\\\/www.khnorppa.fi\\\/#website\",\"url\":\"https:\\\/\\\/www.khnorppa.fi\\\/\",\"name\":\"Kiinteist\u00f6palvelu Norppa\",\"description\":\"\",\"potentialAction\":[{\"@type\":\"SearchAction\",\"target\":{\"@type\":\"EntryPoint\",\"urlTemplate\":\"https:\\\/\\\/www.khnorppa.fi\\\/?s={search_term_string}\"},\"query-input\":{\"@type\":\"PropertyValueSpecification\",\"valueRequired\":true,\"valueName\":\"search_term_string\"}}],\"inLanguage\":\"sv-SE\"}]}<\/script>\n<!-- \/ Yoast SEO plugin. -->","yoast_head_json":{"title":"Formul\u00e4r - Kiinteist\u00f6palvelu Norppa","robots":{"index":"index","follow":"follow","max-snippet":"max-snippet:-1","max-image-preview":"max-image-preview:large","max-video-preview":"max-video-preview:-1"},"canonical":"https:\/\/www.khnorppa.fi\/sv\/formular\/","twitter_misc":{"Ber\u00e4knad l\u00e4stid":"1 minut"},"schema":{"@context":"https:\/\/schema.org","@graph":[{"@type":"WebPage","@id":"https:\/\/www.khnorppa.fi\/sv\/formular\/","url":"https:\/\/www.khnorppa.fi\/sv\/formular\/","name":"Formul\u00e4r - Kiinteist\u00f6palvelu Norppa","isPartOf":{"@id":"https:\/\/www.khnorppa.fi\/#website"},"datePublished":"2014-07-08T10:34:26+00:00","dateModified":"2021-06-14T11:02:42+00:00","inLanguage":"sv-SE","potentialAction":[{"@type":"ReadAction","target":["https:\/\/www.khnorppa.fi\/sv\/formular\/"]}]},{"@type":"WebSite","@id":"https:\/\/www.khnorppa.fi\/#website","url":"https:\/\/www.khnorppa.fi\/","name":"Kiinteist\u00f6palvelu Norppa","description":"","potentialAction":[{"@type":"SearchAction","target":{"@type":"EntryPoint","urlTemplate":"https:\/\/www.khnorppa.fi\/?s={search_term_string}"},"query-input":{"@type":"PropertyValueSpecification","valueRequired":true,"valueName":"search_term_string"}}],"inLanguage":"sv-SE"}]}},"_links":{"self":[{"href":"https:\/\/www.khnorppa.fi\/sv\/wp-json\/wp\/v2\/pages\/503","targetHints":{"allow":["GET"]}}],"collection":[{"href":"https:\/\/www.khnorppa.fi\/sv\/wp-json\/wp\/v2\/pages"}],"about":[{"href":"https:\/\/www.khnorppa.fi\/sv\/wp-json\/wp\/v2\/types\/page"}],"author":[{"embeddable":true,"href":"https:\/\/www.khnorppa.fi\/sv\/wp-json\/wp\/v2\/users\/1"}],"replies":[{"embeddable":true,"href":"https:\/\/www.khnorppa.fi\/sv\/wp-json\/wp\/v2\/comments?post=503"}],"version-history":[{"count":23,"href":"https:\/\/www.khnorppa.fi\/sv\/wp-json\/wp\/v2\/pages\/503\/revisions"}],"predecessor-version":[{"id":5805,"href":"https:\/\/www.khnorppa.fi\/sv\/wp-json\/wp\/v2\/pages\/503\/revisions\/5805"}],"wp:attachment":[{"href":"https:\/\/www.khnorppa.fi\/sv\/wp-json\/wp\/v2\/media?parent=503"}],"curies":[{"name":"wp","href":"https:\/\/api.w.org\/{rel}","templated":true}]}}