{"id":516,"date":"2014-07-08T13:35:09","date_gmt":"2014-07-08T10:35:09","guid":{"rendered":"https:\/\/www.khnorppa.fi\/muuttoilmoitus-2\/"},"modified":"2022-06-27T11:50:21","modified_gmt":"2022-06-27T08:50:21","slug":"flyttningsanmalan","status":"publish","type":"page","link":"https:\/\/www.khnorppa.fi\/sv\/flyttningsanmalan\/","title":{"rendered":"Flyttningsanm\u00e4lan"},"content":{"rendered":"<p>F\u00f6r att s\u00e4kerst\u00e4lla att bostadsf\u00f6reningens interna styrning fungerar v\u00e4l, m\u00e5ste du alltid l\u00e4mna in en anm\u00e4lan om att flytta in eller ut ur l\u00e4genheten till en f\u00f6retr\u00e4dare f\u00f6r f\u00f6reningen. Ett utdrag ur registret \u00f6ver de boende f\u00f6r att erh\u00e5lla boendeservice, \u00f6ppna d\u00f6rren till en l\u00e4genhet, att \u00e4ndra namnet p\u00e5 d\u00f6rrskylten till l\u00e4genheten kan endast best\u00e4llas under f\u00f6ruts\u00e4ttning att bolaget som sk\u00f6ter underh\u00e5llet har f\u00e5tt en anm\u00e4lan fr\u00e5n den boende, som har fyllts i p\u00e5 ett korrekt s\u00e4tt.<\/p>\n<p>Bolagets interna f\u00f6rvaltning kr\u00e4ver alltid en anm\u00e4lan till bolagets representant om inflyttning till l\u00e4genheten eller om avflyttning.<br \/>\nV\u00e4nligen fyll i formul\u00e4ret noga med korrekt information om alla som flyttar.<\/p>\n<p><iframe style=\"margin: 0px; width: 100%; min-height: 1000px; overflow-y: auto; border: 0px;\" src=\"https:\/\/www.huoltokanava.fi\/movingapp\/moving_notice\/kiinteistopalvelu-norppa?lang=sv\" scrolling=\"auto\"><\/iframe><\/p>\n","protected":false},"excerpt":{"rendered":"<p>F\u00f6r att s\u00e4kerst\u00e4lla att bostadsf\u00f6reningens interna styrning fungerar v\u00e4l, m\u00e5ste du alltid l\u00e4mna in en anm\u00e4lan om att flytta in eller ut ur l\u00e4genheten till en f\u00f6retr\u00e4dare f\u00f6r f\u00f6reningen. Ett utdrag ur registret \u00f6ver de boende f\u00f6r att erh\u00e5lla boendeservice, \u00f6ppna d\u00f6rren till en l\u00e4genhet, att \u00e4ndra namnet p\u00e5 d\u00f6rrskylten till l\u00e4genheten kan endast best\u00e4llas [&hellip;]<\/p>\n","protected":false},"author":1,"featured_media":0,"parent":0,"menu_order":0,"comment_status":"closed","ping_status":"closed","template":"","meta":{"footnotes":""},"class_list":["post-516","page","type-page","status-publish","hentry"],"yoast_head":"<!-- This site is optimized with the Yoast SEO plugin v27.5 - https:\/\/yoast.com\/product\/yoast-seo-wordpress\/ -->\n<title>Flyttningsanm\u00e4lan - Kiinteist\u00f6palvelu Norppa<\/title>\n<meta name=\"robots\" content=\"index, follow, max-snippet:-1, max-image-preview:large, max-video-preview:-1\" \/>\n<link rel=\"canonical\" href=\"https:\/\/www.khnorppa.fi\/sv\/flyttningsanmalan\/\" \/>\n<meta name=\"twitter:label1\" content=\"Ber\u00e4knad l\u00e4stid\" \/>\n\t<meta name=\"twitter:data1\" content=\"1 minut\" \/>\n<script type=\"application\/ld+json\" class=\"yoast-schema-graph\">{\"@context\":\"https:\\\/\\\/schema.org\",\"@graph\":[{\"@type\":\"WebPage\",\"@id\":\"https:\\\/\\\/www.khnorppa.fi\\\/sv\\\/flyttningsanmalan\\\/\",\"url\":\"https:\\\/\\\/www.khnorppa.fi\\\/sv\\\/flyttningsanmalan\\\/\",\"name\":\"Flyttningsanm\u00e4lan - Kiinteist\u00f6palvelu Norppa\",\"isPartOf\":{\"@id\":\"https:\\\/\\\/www.khnorppa.fi\\\/#website\"},\"datePublished\":\"2014-07-08T10:35:09+00:00\",\"dateModified\":\"2022-06-27T08:50:21+00:00\",\"inLanguage\":\"sv-SE\",\"potentialAction\":[{\"@type\":\"ReadAction\",\"target\":[\"https:\\\/\\\/www.khnorppa.fi\\\/sv\\\/flyttningsanmalan\\\/\"]}]},{\"@type\":\"WebSite\",\"@id\":\"https:\\\/\\\/www.khnorppa.fi\\\/#website\",\"url\":\"https:\\\/\\\/www.khnorppa.fi\\\/\",\"name\":\"Kiinteist\u00f6palvelu Norppa\",\"description\":\"\",\"potentialAction\":[{\"@type\":\"SearchAction\",\"target\":{\"@type\":\"EntryPoint\",\"urlTemplate\":\"https:\\\/\\\/www.khnorppa.fi\\\/?s={search_term_string}\"},\"query-input\":{\"@type\":\"PropertyValueSpecification\",\"valueRequired\":true,\"valueName\":\"search_term_string\"}}],\"inLanguage\":\"sv-SE\"}]}<\/script>\n<!-- \/ Yoast SEO plugin. -->","yoast_head_json":{"title":"Flyttningsanm\u00e4lan - Kiinteist\u00f6palvelu Norppa","robots":{"index":"index","follow":"follow","max-snippet":"max-snippet:-1","max-image-preview":"max-image-preview:large","max-video-preview":"max-video-preview:-1"},"canonical":"https:\/\/www.khnorppa.fi\/sv\/flyttningsanmalan\/","twitter_misc":{"Ber\u00e4knad l\u00e4stid":"1 minut"},"schema":{"@context":"https:\/\/schema.org","@graph":[{"@type":"WebPage","@id":"https:\/\/www.khnorppa.fi\/sv\/flyttningsanmalan\/","url":"https:\/\/www.khnorppa.fi\/sv\/flyttningsanmalan\/","name":"Flyttningsanm\u00e4lan - Kiinteist\u00f6palvelu Norppa","isPartOf":{"@id":"https:\/\/www.khnorppa.fi\/#website"},"datePublished":"2014-07-08T10:35:09+00:00","dateModified":"2022-06-27T08:50:21+00:00","inLanguage":"sv-SE","potentialAction":[{"@type":"ReadAction","target":["https:\/\/www.khnorppa.fi\/sv\/flyttningsanmalan\/"]}]},{"@type":"WebSite","@id":"https:\/\/www.khnorppa.fi\/#website","url":"https:\/\/www.khnorppa.fi\/","name":"Kiinteist\u00f6palvelu Norppa","description":"","potentialAction":[{"@type":"SearchAction","target":{"@type":"EntryPoint","urlTemplate":"https:\/\/www.khnorppa.fi\/?s={search_term_string}"},"query-input":{"@type":"PropertyValueSpecification","valueRequired":true,"valueName":"search_term_string"}}],"inLanguage":"sv-SE"}]}},"_links":{"self":[{"href":"https:\/\/www.khnorppa.fi\/sv\/wp-json\/wp\/v2\/pages\/516","targetHints":{"allow":["GET"]}}],"collection":[{"href":"https:\/\/www.khnorppa.fi\/sv\/wp-json\/wp\/v2\/pages"}],"about":[{"href":"https:\/\/www.khnorppa.fi\/sv\/wp-json\/wp\/v2\/types\/page"}],"author":[{"embeddable":true,"href":"https:\/\/www.khnorppa.fi\/sv\/wp-json\/wp\/v2\/users\/1"}],"replies":[{"embeddable":true,"href":"https:\/\/www.khnorppa.fi\/sv\/wp-json\/wp\/v2\/comments?post=516"}],"version-history":[{"count":10,"href":"https:\/\/www.khnorppa.fi\/sv\/wp-json\/wp\/v2\/pages\/516\/revisions"}],"predecessor-version":[{"id":5874,"href":"https:\/\/www.khnorppa.fi\/sv\/wp-json\/wp\/v2\/pages\/516\/revisions\/5874"}],"wp:attachment":[{"href":"https:\/\/www.khnorppa.fi\/sv\/wp-json\/wp\/v2\/media?parent=516"}],"curies":[{"name":"wp","href":"https:\/\/api.w.org\/{rel}","templated":true}]}}